{"id":2184,"date":"2024-10-15T13:32:16","date_gmt":"2024-10-15T11:32:16","guid":{"rendered":"https:\/\/advocass.be\/rechtsbijstand\/"},"modified":"2025-06-26T18:16:17","modified_gmt":"2025-06-26T16:16:17","slug":"rechtshilfe","status":"publish","type":"page","link":"https:\/\/advocass.be\/de\/rechtshilfe\/","title":{"rendered":"Rechtshilfe"},"content":{"rendered":"\t\t<div data-elementor-type=\"wp-page\" data-elementor-id=\"2184\" data-post-id=\"2184\" data-obj-id=\"2184\" class=\"elementor elementor-2184 dce-elementor-post-2184 elementor-2177\">\n\t\t\t\t\t\t\t\t\t<section class=\"elementor-section elementor-top-section elementor-element elementor-element-8daa800 elementor-section-height-min-height elementor-section-items-stretch elementor-section-boxed elementor-section-height-default\" data-id=\"8daa800\" data-element_type=\"section\" data-settings=\"{&quot;background_background&quot;:&quot;classic&quot;}\">\n\t\t\t\t\t\t<div class=\"elementor-container elementor-column-gap-wider\">\n\t\t\t\t\t<div class=\"elementor-column elementor-col-50 elementor-top-column elementor-element elementor-element-8217663\" data-id=\"8217663\" data-element_type=\"column\" data-settings=\"{&quot;background_background&quot;:&quot;classic&quot;}\">\n\t\t\t<div class=\"elementor-widget-wrap elementor-element-populated\">\n\t\t\t\t\t\t\t\t<div class=\"elementor-element elementor-element-a7defd5 elementor-widget elementor-widget-heading\" data-id=\"a7defd5\" data-element_type=\"widget\" data-widget_type=\"heading.default\">\n\t\t\t\t<div class=\"elementor-widget-container\">\n\t\t\t<h2 class=\"elementor-heading-title elementor-size-default\">RechtsHILFE<\/h2>\t\t<\/div>\n\t\t\t\t<\/div>\n\t\t\t\t\t<\/div>\n\t\t<\/div>\n\t\t\t\t<div class=\"elementor-column elementor-col-50 elementor-top-column elementor-element elementor-element-8a5d6b5\" data-id=\"8a5d6b5\" data-element_type=\"column\">\n\t\t\t<div class=\"elementor-widget-wrap\">\n\t\t\t\t\t\t\t\t\t<\/div>\n\t\t<\/div>\n\t\t\t\t\t\t\t<\/div>\n\t\t<\/section>\n\t\t\t\t<section class=\"elementor-section elementor-top-section elementor-element elementor-element-28d97b6 elementor-section-boxed elementor-section-height-default elementor-section-height-default\" data-id=\"28d97b6\" data-element_type=\"section\">\n\t\t\t\t\t\t<div class=\"elementor-container elementor-column-gap-default\">\n\t\t\t\t\t<div class=\"elementor-column elementor-col-100 elementor-top-column elementor-element elementor-element-bc405d2\" data-id=\"bc405d2\" data-element_type=\"column\">\n\t\t\t<div class=\"elementor-widget-wrap elementor-element-populated\">\n\t\t\t\t\t\t\t\t<div class=\"elementor-element elementor-element-b4e06e4 elementor-widget elementor-widget-text-editor\" data-id=\"b4e06e4\" data-element_type=\"widget\" data-widget_type=\"text-editor.default\">\n\t\t\t\t<div class=\"elementor-widget-container\">\n\t\t\t\t\t\t\t<h4 style=\"text-align: center\"><strong>RECHTSHILFE<\/strong><\/h4>\t\t\t\t\t\t<\/div>\n\t\t\t\t<\/div>\n\t\t\t\t<div class=\"elementor-element elementor-element-065a001 elementor-widget elementor-widget-text-editor\" data-id=\"065a001\" data-element_type=\"widget\" data-widget_type=\"text-editor.default\">\n\t\t\t\t<div class=\"elementor-widget-container\">\n\t\t\t\t\t\t\t<p>Wenn Sie die Honorare und Kosten eines Anwalts beim Kassationshof nicht tragen k\u00f6nnen, k\u00f6nnen Sie Rechtshilfe beantragen, sofern Sie die (finanziellen und sonstigen) Voraussetzungen daf\u00fcr erf\u00fcllen.<\/p><p>Die Rechtshilfe wird weder bei einem Kassationsanwalt noch bei der Anwaltskammer beim Kassationshof oder bei ihrem Pr\u00e4sidenten beantragt, sondern direkt beim B\u00fcro f\u00fcr Rechtshilfe des Kassationshofes.<\/p><p>Die Bedingungen f\u00fcr den Erhalt von Rechtshilfe und alle Informationen \u00fcber die Daten und Dokumente die Sie \u00fcbermitteln m\u00fcssen, finden Sie auf der Website des Kassationshofes unter dem Hyperlink <a href=\"https:\/\/www.cass.be\/files\/Assistancejudiciaire2.pdf\" target=\"_blank\" rel=\"noopener\">Assistancejudiciaire2.pdf<\/a>.<\/p><p>Es ist wichtig, dass Sie so schnell wie m\u00f6glich den Antrag auf rechtliche Unterst\u00fctzung einreichen. Das B\u00fcro f\u00fcr rechtshilfe des Kassationshofes weist n\u00e4mlich Antr\u00e4ge zur\u00fcck, die zu einem Zeitpunkt eingereicht werden, an dem die Kassationsfrist bereits zur H\u00e4lfte abgelaufen ist.<\/p>\t\t\t\t\t\t<\/div>\n\t\t\t\t<\/div>\n\t\t\t\t\t<\/div>\n\t\t<\/div>\n\t\t\t\t\t\t\t<\/div>\n\t\t<\/section>\n\t\t\t\t\t\t\t<\/div>\n\t\t","protected":false},"excerpt":{"rendered":"<p>RechtsHILFE RECHTSHILFE Wenn Sie die Honorare und Kosten eines Anwalts beim Kassationshof nicht tragen k\u00f6nnen, k\u00f6nnen Sie Rechtshilfe beantragen, sofern Sie die (finanziellen und sonstigen) Voraussetzungen daf\u00fcr erf\u00fcllen. Die Rechtshilfe wird weder bei einem Kassationsanwalt noch bei der Anwaltskammer beim Kassationshof oder bei ihrem Pr\u00e4sidenten beantragt, sondern direkt beim B\u00fcro f\u00fcr Rechtshilfe des Kassationshofes. Die &hellip;<\/p>\n<p class=\"read-more\"> <a class=\"\" href=\"https:\/\/advocass.be\/de\/rechtshilfe\/\"> <span class=\"screen-reader-text\">Rechtshilfe<\/span> Weiterlesen &raquo;<\/a><\/p>\n","protected":false},"author":62,"featured_media":0,"parent":0,"menu_order":0,"comment_status":"closed","ping_status":"closed","template":"elementor_header_footer","meta":{"site-sidebar-layout":"no-sidebar","site-content-layout":"page-builder","ast-global-header-display":"","ast-main-header-display":"","ast-hfb-above-header-display":"","ast-hfb-below-header-display":"","ast-hfb-mobile-header-display":"","site-post-title":"disabled","ast-breadcrumbs-content":"","ast-featured-img":"disabled","footer-sml-layout":"","theme-transparent-header-meta":"","adv-header-id-meta":"","stick-header-meta":"","header-above-stick-meta":"","header-main-stick-meta":"","header-below-stick-meta":"","footnotes":""},"class_list":["post-2184","page","type-page","status-publish","hentry"],"acf":[],"_links":{"self":[{"href":"https:\/\/advocass.be\/de\/wp-json\/wp\/v2\/pages\/2184","targetHints":{"allow":["GET"]}}],"collection":[{"href":"https:\/\/advocass.be\/de\/wp-json\/wp\/v2\/pages"}],"about":[{"href":"https:\/\/advocass.be\/de\/wp-json\/wp\/v2\/types\/page"}],"author":[{"embeddable":true,"href":"https:\/\/advocass.be\/de\/wp-json\/wp\/v2\/users\/62"}],"replies":[{"embeddable":true,"href":"https:\/\/advocass.be\/de\/wp-json\/wp\/v2\/comments?post=2184"}],"version-history":[{"count":31,"href":"https:\/\/advocass.be\/de\/wp-json\/wp\/v2\/pages\/2184\/revisions"}],"predecessor-version":[{"id":4534,"href":"https:\/\/advocass.be\/de\/wp-json\/wp\/v2\/pages\/2184\/revisions\/4534"}],"wp:attachment":[{"href":"https:\/\/advocass.be\/de\/wp-json\/wp\/v2\/media?parent=2184"}],"curies":[{"name":"wp","href":"https:\/\/api.w.org\/{rel}","templated":true}]}}