{"id":2371,"date":"2024-12-10T14:54:49","date_gmt":"2024-12-10T12:54:49","guid":{"rendered":"https:\/\/advocass.be\/links\/"},"modified":"2026-01-13T19:32:23","modified_gmt":"2026-01-13T18:32:23","slug":"links","status":"publish","type":"page","link":"https:\/\/advocass.be\/de\/links\/","title":{"rendered":"N\u00fctzliche Links"},"content":{"rendered":"\t\t<div data-elementor-type=\"wp-page\" data-elementor-id=\"2371\" data-post-id=\"2371\" data-obj-id=\"2371\" class=\"elementor elementor-2371 dce-elementor-post-2371 elementor-2366\">\n\t\t\t\t\t\t\t\t\t<section class=\"elementor-section elementor-top-section elementor-element elementor-element-0fce875 elementor-section-height-min-height elementor-section-items-stretch elementor-section-boxed elementor-section-height-default\" data-id=\"0fce875\" data-element_type=\"section\" data-settings=\"{&quot;background_background&quot;:&quot;classic&quot;}\">\n\t\t\t\t\t\t<div class=\"elementor-container elementor-column-gap-wider\">\n\t\t\t\t\t<div class=\"elementor-column elementor-col-50 elementor-top-column elementor-element elementor-element-896c149\" data-id=\"896c149\" data-element_type=\"column\" data-settings=\"{&quot;background_background&quot;:&quot;classic&quot;}\">\n\t\t\t<div class=\"elementor-widget-wrap elementor-element-populated\">\n\t\t\t\t\t\t\t\t<div class=\"elementor-element elementor-element-0a89a31 elementor-widget elementor-widget-heading\" data-id=\"0a89a31\" data-element_type=\"widget\" data-widget_type=\"heading.default\">\n\t\t\t\t<div class=\"elementor-widget-container\">\n\t\t\t<h2 class=\"elementor-heading-title elementor-size-default\">N\u00fctzliche Links<\/h2>\t\t<\/div>\n\t\t\t\t<\/div>\n\t\t\t\t\t<\/div>\n\t\t<\/div>\n\t\t\t\t<div class=\"elementor-column elementor-col-50 elementor-top-column elementor-element elementor-element-68ffdbd\" data-id=\"68ffdbd\" data-element_type=\"column\">\n\t\t\t<div class=\"elementor-widget-wrap\">\n\t\t\t\t\t\t\t\t\t<\/div>\n\t\t<\/div>\n\t\t\t\t\t\t\t<\/div>\n\t\t<\/section>\n\t\t\t\t<section class=\"elementor-section elementor-top-section elementor-element elementor-element-6092c49 elementor-section-boxed elementor-section-height-default elementor-section-height-default\" data-id=\"6092c49\" data-element_type=\"section\">\n\t\t\t\t\t\t<div class=\"elementor-container elementor-column-gap-default\">\n\t\t\t\t\t<div class=\"elementor-column elementor-col-100 elementor-top-column elementor-element elementor-element-cd95d9f\" data-id=\"cd95d9f\" data-element_type=\"column\">\n\t\t\t<div class=\"elementor-widget-wrap elementor-element-populated\">\n\t\t\t\t\t\t\t\t<div class=\"elementor-element elementor-element-7a9d51a elementor-widget elementor-widget-text-editor\" data-id=\"7a9d51a\" data-element_type=\"widget\" data-widget_type=\"text-editor.default\">\n\t\t\t\t<div class=\"elementor-widget-container\">\n\t\t\t\t\t\t\t<p><strong>ANDERE ANWALTSKAMMERN IN BELGIEN<br \/><\/strong><span style=\"color: #706e6e\"><strong style=\"font-size: 16px\">Orde van Vlaamse Balies (OVB) :<\/strong><\/span><span style=\"font-size: 16px\"> (einschlie\u00dflich der Anwaltskammern von Brussel Nederlands, West-Vlaanderen, Limburg, Antwerpen, Vlaams- Brabant, Gent, Dendermonde, und Oudenaarde) : <\/span><a href=\"http:\/\/www.advocaat.be\" target=\"_blank\" rel=\"noopener\">www.advocaat.be<\/a><br \/><span style=\"color: #706e6e\"><strong>Ordre des barreaux francophones et germanophone (OBFG) :<\/strong><\/span> (<span style=\"font-size: 16px\">einschlie\u00dflich der Anwaltskammern von<\/span> Bruxelles fran\u00e7ais, Brabant-Wallon, Mons, Tournai, Charleroi, Li\u00e8ge-Huy, Verviers, Eupen, Namur-Dinant, und Luxembourg) : <a href=\"http:\/\/www.avocats.be\" target=\"_blank\" rel=\"noopener\">www.avocats.be<\/a><\/p><p><strong>BELGISCHE OBERGERICHTE<br \/><\/strong><span style=\"color: #706e6e\"><strong>Verfassungsgerichtshof<\/strong> :<\/span> <a href=\"http:\/\/www.const-court.be\" target=\"_blank\" rel=\"noopener\">www.const-court.be<\/a><br \/><span style=\"color: #706e6e\"><strong>Kassationshof <\/strong>:<\/span> <a href=\"http:\/\/www.cass.be\" target=\"_blank\" rel=\"noopener\">www.cass.be<\/a><br \/><span style=\"color: #706e6e\"><strong>Staatsrat <\/strong>:<\/span> <a href=\"http:\/\/www.raadvanstate.be\" target=\"_blank\" rel=\"noopener\">www.raadvanstate.be<\/a><\/p><p><strong>INTERNATIONALE OBERGERICHTE<br \/><\/strong><strong><span style=\"color: #636161\">Europ\u00e4ischer Gerichtshof f\u00fcr Menschenrechte<\/span> : <\/strong><a href=\"http:\/\/www.echr.coe.int\" target=\"_blank\" rel=\"noopener\">www.echr.coe.int<\/a><br \/><strong><span style=\"color: #636161\">Gerichtshof der Europ\u00e4ischen Union<\/span> : <\/strong><a href=\"http:\/\/www.curia.europa.eu\" target=\"_blank\" rel=\"noopener\">www.curia.europa.eu<\/a><br \/><strong><span style=\"color: #636161\">Benelux Gerichtshof<\/span> : <\/strong><a href=\"http:\/\/www.courbeneluxhof.int\" target=\"_blank\" rel=\"noopener\">www.courbeneluxhof.int<\/a><\/p><p><strong>AUSL\u00c4NDISCHE KASSATIONSANW\u00c4LTE<br \/><\/strong>France :<span style=\"color: #706e6e\"> <strong>Ordre des avocats au Conseil d\u2019\u00e9tat et \u00e0 la Cour de cassation<\/strong>\u00a0:<\/span> <a href=\"http:\/\/www.ordre-avocats-cassation.fr\" target=\"_blank\" rel=\"noopener\">www.ordre-avocats-cassation.fr<\/a><br \/>Allemagne : <span style=\"color: #706e6e\"><strong>Rechtsanwaltskammer beim Bundesgerichtshof<\/strong>\u00a0:<\/span> <a href=\"http:\/\/www.rak-bgh.de\" target=\"_blank\" rel=\"noopener\">www.rak-bgh.de<\/a><br \/>Pays-Bas : <span style=\"color: #706e6e\"><strong>Advocaten bij de Hoge Raad <\/strong><\/span>(balie binnen de Nederlandse Orde van Advocaten)<strong> :\u00a0<\/strong><a href=\"https:\/\/vcca.nl\/\" target=\"_blank\" rel=\"noopener\">VCCA:Vereniging van Civiele Cassatieadvocaten<\/a><\/p><p><strong>VEREINE<br \/><\/strong><span style=\"color: #706e6e\"><strong>Avocats sans Fronti\u00e8res (NRO) : <\/strong><\/span><a href=\"http:\/\/www.asf.be\" target=\"_blank\" rel=\"noopener\">www.asf.be<\/a><br \/><span style=\"color: #706e6e\"><strong>Association europ\u00e9enne d\u2019avocats aupr\u00e8s des cours supr\u00eames : <\/strong><\/span><a href=\"http:\/\/www.advocass.eu\" target=\"_blank\" rel=\"noopener\">www.advocass.eu<\/a><\/p><p><strong>DIENSTE<span style=\"color: #737070\"><br \/>OVB: <\/span><\/strong><span style=\"font-style: inherit;font-weight: inherit;color: #737070\"><a href=\"https:\/\/oca.ligeca.be\/nl\/\" target=\"_blank\" rel=\"noopener\">Ligeca \u2013 Ombudsdienst consumentengeschillen advocatuur<\/a><\/span><span style=\"font-style: inherit;font-weight: inherit;color: #737070\"> &#8211; <\/span><span style=\"color: #808080\"><strong style=\"font-style: inherit\">OBFG: <\/strong><\/span><span style=\"font-style: inherit;font-weight: inherit;color: #737070\"><a href=\"http:\/\/obfg.ligeca.be\/fr\" target=\"_blank\" rel=\"noopener\">accueil | Ombudsman<\/a>\u00a0<\/span><\/p>\t\t\t\t\t\t<\/div>\n\t\t\t\t<\/div>\n\t\t\t\t\t<\/div>\n\t\t<\/div>\n\t\t\t\t\t\t\t<\/div>\n\t\t<\/section>\n\t\t\t\t\t\t\t<\/div>\n\t\t","protected":false},"excerpt":{"rendered":"<p>N\u00fctzliche Links ANDERE ANWALTSKAMMERN IN BELGIENOrde van Vlaamse Balies (OVB) : (einschlie\u00dflich der Anwaltskammern von Brussel Nederlands, West-Vlaanderen, Limburg, Antwerpen, Vlaams- Brabant, Gent, Dendermonde, und Oudenaarde) : www.advocaat.beOrdre des barreaux francophones et germanophone (OBFG) : (einschlie\u00dflich der Anwaltskammern von Bruxelles fran\u00e7ais, Brabant-Wallon, Mons, Tournai, Charleroi, Li\u00e8ge-Huy, Verviers, Eupen, Namur-Dinant, und Luxembourg) : www.avocats.be BELGISCHE OBERGERICHTEVerfassungsgerichtshof &hellip;<\/p>\n<p class=\"read-more\"> <a class=\"\" href=\"https:\/\/advocass.be\/de\/links\/\"> <span class=\"screen-reader-text\">N\u00fctzliche Links<\/span> Weiterlesen &raquo;<\/a><\/p>\n","protected":false},"author":62,"featured_media":0,"parent":0,"menu_order":0,"comment_status":"closed","ping_status":"closed","template":"","meta":{"site-sidebar-layout":"no-sidebar","site-content-layout":"page-builder","ast-global-header-display":"","ast-main-header-display":"","ast-hfb-above-header-display":"","ast-hfb-below-header-display":"","ast-hfb-mobile-header-display":"","site-post-title":"disabled","ast-breadcrumbs-content":"","ast-featured-img":"disabled","footer-sml-layout":"","theme-transparent-header-meta":"","adv-header-id-meta":"","stick-header-meta":"","header-above-stick-meta":"","header-main-stick-meta":"","header-below-stick-meta":"","footnotes":""},"class_list":["post-2371","page","type-page","status-publish","hentry"],"acf":[],"_links":{"self":[{"href":"https:\/\/advocass.be\/de\/wp-json\/wp\/v2\/pages\/2371","targetHints":{"allow":["GET"]}}],"collection":[{"href":"https:\/\/advocass.be\/de\/wp-json\/wp\/v2\/pages"}],"about":[{"href":"https:\/\/advocass.be\/de\/wp-json\/wp\/v2\/types\/page"}],"author":[{"embeddable":true,"href":"https:\/\/advocass.be\/de\/wp-json\/wp\/v2\/users\/62"}],"replies":[{"embeddable":true,"href":"https:\/\/advocass.be\/de\/wp-json\/wp\/v2\/comments?post=2371"}],"version-history":[{"count":62,"href":"https:\/\/advocass.be\/de\/wp-json\/wp\/v2\/pages\/2371\/revisions"}],"predecessor-version":[{"id":4603,"href":"https:\/\/advocass.be\/de\/wp-json\/wp\/v2\/pages\/2371\/revisions\/4603"}],"wp:attachment":[{"href":"https:\/\/advocass.be\/de\/wp-json\/wp\/v2\/media?parent=2371"}],"curies":[{"name":"wp","href":"https:\/\/api.w.org\/{rel}","templated":true}]}}