{"id":2397,"date":"2024-12-10T15:13:31","date_gmt":"2024-12-10T13:13:31","guid":{"rendered":"https:\/\/advocass.be\/wettelijke-informatie\/"},"modified":"2026-03-27T12:31:35","modified_gmt":"2026-03-27T11:31:35","slug":"whistleblower","status":"publish","type":"page","link":"https:\/\/advocass.be\/de\/whistleblower\/","title":{"rendered":"Whistleblower"},"content":{"rendered":"\t\t<div data-elementor-type=\"wp-page\" data-elementor-id=\"2397\" data-post-id=\"2397\" data-obj-id=\"2397\" class=\"elementor elementor-2397 dce-elementor-post-2397 elementor-2384\">\n\t\t\t\t\t\t\t\t\t<section class=\"elementor-section elementor-top-section elementor-element elementor-element-f375976 elementor-section-height-min-height elementor-section-items-stretch elementor-section-boxed elementor-section-height-default\" data-id=\"f375976\" data-element_type=\"section\" data-settings=\"{&quot;background_background&quot;:&quot;classic&quot;}\">\n\t\t\t\t\t\t<div class=\"elementor-container elementor-column-gap-wider\">\n\t\t\t\t\t<div class=\"elementor-column elementor-col-50 elementor-top-column elementor-element elementor-element-f3e043d\" data-id=\"f3e043d\" data-element_type=\"column\" data-settings=\"{&quot;background_background&quot;:&quot;classic&quot;}\">\n\t\t\t<div class=\"elementor-widget-wrap elementor-element-populated\">\n\t\t\t\t\t\t\t\t<div class=\"elementor-element elementor-element-c568a98 elementor-widget elementor-widget-heading\" data-id=\"c568a98\" data-element_type=\"widget\" data-widget_type=\"heading.default\">\n\t\t\t\t<div class=\"elementor-widget-container\">\n\t\t\t<h2 class=\"elementor-heading-title elementor-size-default\">Whistleblower<\/h2>\t\t<\/div>\n\t\t\t\t<\/div>\n\t\t\t\t\t<\/div>\n\t\t<\/div>\n\t\t\t\t<div class=\"elementor-column elementor-col-50 elementor-top-column elementor-element elementor-element-ff41379\" data-id=\"ff41379\" data-element_type=\"column\">\n\t\t\t<div class=\"elementor-widget-wrap\">\n\t\t\t\t\t\t\t\t\t<\/div>\n\t\t<\/div>\n\t\t\t\t\t\t\t<\/div>\n\t\t<\/section>\n\t\t\t\t<section class=\"elementor-section elementor-top-section elementor-element elementor-element-70b1693 elementor-section-boxed elementor-section-height-default elementor-section-height-default\" data-id=\"70b1693\" data-element_type=\"section\">\n\t\t\t\t\t\t<div class=\"elementor-container elementor-column-gap-default\">\n\t\t\t\t\t<div class=\"elementor-column elementor-col-100 elementor-top-column elementor-element elementor-element-1a22872\" data-id=\"1a22872\" data-element_type=\"column\">\n\t\t\t<div class=\"elementor-widget-wrap elementor-element-populated\">\n\t\t\t\t\t\t\t\t<div class=\"elementor-element elementor-element-c507bf5 elementor-widget elementor-widget-text-editor\" data-id=\"c507bf5\" data-element_type=\"widget\" data-widget_type=\"text-editor.default\">\n\t\t\t\t<div class=\"elementor-widget-container\">\n\t\t\t\t\t\t\t<p style=\"text-align: center;\"><span style=\"color: #333333;\"><strong>WHISTLEBLOWER<\/strong><\/span><\/p>\t\t\t\t\t\t<\/div>\n\t\t\t\t<\/div>\n\t\t\t\t<div class=\"elementor-element elementor-element-85e1e08 elementor-widget elementor-widget-text-editor\" data-id=\"85e1e08\" data-element_type=\"widget\" data-widget_type=\"text-editor.default\">\n\t\t\t\t<div class=\"elementor-widget-container\">\n\t\t\t\t\t\t\t<p>Alle n\u00fctzlichen Informationen \u00fcber die Whistleblowing-Regelung ist auf dieser Website derzeit nur auf Franz\u00f6sisch oder Niederl\u00e4ndisch verf\u00fcgbar.<\/p><p>\u00a0<\/p>\t\t\t\t\t\t<\/div>\n\t\t\t\t<\/div>\n\t\t\t\t\t<\/div>\n\t\t<\/div>\n\t\t\t\t\t\t\t<\/div>\n\t\t<\/section>\n\t\t\t\t\t\t\t<\/div>\n\t\t","protected":false},"excerpt":{"rendered":"<p>Whistleblower WHISTLEBLOWER Alle n\u00fctzlichen Informationen \u00fcber die Whistleblowing-Regelung ist auf dieser Website derzeit nur auf Franz\u00f6sisch oder Niederl\u00e4ndisch verf\u00fcgbar. \u00a0<\/p>\n","protected":false},"author":62,"featured_media":0,"parent":0,"menu_order":0,"comment_status":"closed","ping_status":"closed","template":"","meta":{"site-sidebar-layout":"no-sidebar","site-content-layout":"page-builder","ast-global-header-display":"","ast-main-header-display":"","ast-hfb-above-header-display":"","ast-hfb-below-header-display":"","ast-hfb-mobile-header-display":"","site-post-title":"disabled","ast-breadcrumbs-content":"","ast-featured-img":"disabled","footer-sml-layout":"","theme-transparent-header-meta":"","adv-header-id-meta":"","stick-header-meta":"","header-above-stick-meta":"","header-main-stick-meta":"","header-below-stick-meta":"","footnotes":""},"class_list":["post-2397","page","type-page","status-publish","hentry"],"acf":[],"_links":{"self":[{"href":"https:\/\/advocass.be\/de\/wp-json\/wp\/v2\/pages\/2397","targetHints":{"allow":["GET"]}}],"collection":[{"href":"https:\/\/advocass.be\/de\/wp-json\/wp\/v2\/pages"}],"about":[{"href":"https:\/\/advocass.be\/de\/wp-json\/wp\/v2\/types\/page"}],"author":[{"embeddable":true,"href":"https:\/\/advocass.be\/de\/wp-json\/wp\/v2\/users\/62"}],"replies":[{"embeddable":true,"href":"https:\/\/advocass.be\/de\/wp-json\/wp\/v2\/comments?post=2397"}],"version-history":[{"count":36,"href":"https:\/\/advocass.be\/de\/wp-json\/wp\/v2\/pages\/2397\/revisions"}],"predecessor-version":[{"id":4636,"href":"https:\/\/advocass.be\/de\/wp-json\/wp\/v2\/pages\/2397\/revisions\/4636"}],"wp:attachment":[{"href":"https:\/\/advocass.be\/de\/wp-json\/wp\/v2\/media?parent=2397"}],"curies":[{"name":"wp","href":"https:\/\/api.w.org\/{rel}","templated":true}]}}