{"id":445,"date":"2022-01-04T13:03:08","date_gmt":"2022-01-04T13:03:08","guid":{"rendered":"https:\/\/cassatie.lemon.be\/allgemeine-informationen\/"},"modified":"2025-05-02T09:24:16","modified_gmt":"2025-05-02T07:24:16","slug":"allgemeine-informationen","status":"publish","type":"page","link":"https:\/\/advocass.be\/de\/allgemeine-informationen\/","title":{"rendered":"Organisation Rechtsanwaltschaft am Kassationshof"},"content":{"rendered":"\t\t<div data-elementor-type=\"wp-page\" data-elementor-id=\"445\" data-post-id=\"445\" data-obj-id=\"445\" class=\"elementor elementor-445 dce-elementor-post-445 elementor-23\">\n\t\t\t\t\t\t\t\t\t<section class=\"elementor-section elementor-top-section elementor-element elementor-element-c1c3e91 elementor-section-height-min-height elementor-section-items-stretch elementor-section-boxed elementor-section-height-default\" data-id=\"c1c3e91\" data-element_type=\"section\" data-settings=\"{&quot;background_background&quot;:&quot;classic&quot;}\">\n\t\t\t\t\t\t<div class=\"elementor-container elementor-column-gap-wider\">\n\t\t\t\t\t<div class=\"elementor-column elementor-col-50 elementor-top-column elementor-element elementor-element-f3e3108\" data-id=\"f3e3108\" data-element_type=\"column\" data-settings=\"{&quot;background_background&quot;:&quot;classic&quot;}\">\n\t\t\t<div class=\"elementor-widget-wrap elementor-element-populated\">\n\t\t\t\t\t\t\t\t<div class=\"elementor-element elementor-element-81ef6c2 elementor-widget elementor-widget-heading\" data-id=\"81ef6c2\" data-element_type=\"widget\" data-widget_type=\"heading.default\">\n\t\t\t\t<div class=\"elementor-widget-container\">\n\t\t\t<h2 class=\"elementor-heading-title elementor-size-default\">Organisation KASSATIONS-ANWALTSKAMMER<\/h2>\t\t<\/div>\n\t\t\t\t<\/div>\n\t\t\t\t\t<\/div>\n\t\t<\/div>\n\t\t\t\t<div class=\"elementor-column elementor-col-50 elementor-top-column elementor-element elementor-element-255f723\" data-id=\"255f723\" data-element_type=\"column\">\n\t\t\t<div class=\"elementor-widget-wrap\">\n\t\t\t\t\t\t\t\t\t<\/div>\n\t\t<\/div>\n\t\t\t\t\t\t\t<\/div>\n\t\t<\/section>\n\t\t\t\t<section class=\"elementor-section elementor-top-section elementor-element elementor-element-46038bf elementor-section-boxed elementor-section-height-default elementor-section-height-default\" data-id=\"46038bf\" data-element_type=\"section\">\n\t\t\t\t\t\t<div class=\"elementor-container elementor-column-gap-default\">\n\t\t\t\t\t<div class=\"elementor-column elementor-col-100 elementor-top-column elementor-element elementor-element-015bc74\" data-id=\"015bc74\" data-element_type=\"column\">\n\t\t\t<div class=\"elementor-widget-wrap elementor-element-populated\">\n\t\t\t\t\t\t\t\t<div class=\"elementor-element elementor-element-b0e393e elementor-widget elementor-widget-text-editor\" data-id=\"b0e393e\" data-element_type=\"widget\" data-widget_type=\"text-editor.default\">\n\t\t\t\t<div class=\"elementor-widget-container\">\n\t\t\t\t\t\t\t<h5><span style=\"color: #333333\"><strong>WAS IST DIE RECHTSANWALTSKAMMER BEIM KASSATIONSHOF?<\/strong><\/span><\/h5><div>\u00a0<\/div><p>Die Rechtsanwaltskammer beim Kassationshof ist eine juristische Person des \u00f6ffentlichen Rechts. Die Kammer hat ihren Sitz in dem Justizpalast, Poelaertplein, in 1000 Br\u00fcssel.<\/p><h5><span style=\"color: #333333\"><strong>ZUSAMMENSETZUNG<\/strong><\/span><\/h5><div>\u00a0<\/div><p>Die Rechtsanw\u00e4lte beim Kassationshof bilden zusammen die Rechtsanwaltskammer beim Kassationshof (Art. 480 des Gerichtsgesetzbuches). Sie wird auch mit Rechtsanwaltschaft am Kassationshof bezeichnet.<\/p><p>Die Zahl der Rechtsanw\u00e4lte beim Kassationshof wird, nach Gutachten des Kassationshofes, gem\u00e4\u00df K\u00f6niglichem Erlass festgelegt (Art. 478 des Gerichtsgesetzbuches). Die Anzahl ist derzeit auf zwanzig vorgesehen (K\u00f6niglicher Erlass vom 10. August 1998)<\/p><p>Rechtsanw\u00e4lte beim Kassationshof werden von dem K\u00f6nig aus einer Liste von drei Kandidaten ernannt. Die Liste wird von einer aus Anw\u00e4lten, Magistratenund Universit\u00e4tsprofessoren zusammengestellten Begutachtungskommission erstellt. Es ist unerl\u00e4sslich, dass die Kandidaten schon seit mindestens zehn Jahren Mitglied der Rechtsanwaltschaft sind und eine Pr\u00fcfung, die von der Rechtsanwaltskammer beim Kassationshof durchgef\u00fchrt wird, bestehen. Informationen \u00fcber die Pr\u00fcfung finden Sie unter dem tab <span style=\"text-decoration: underline\"><span style=\"color: #ff0000;text-decoration: underline\">Ausbildung im Kassationstechnik- und verfahren<\/span><\/span>.\u00a0<\/p><p>Bevor ein Rechtsanwalt beim Kassationshof sein Amt annimmt, soll er (nochmals) den f\u00fcr alle Rechtsanw\u00e4lte vorgeschriebenen Eid leisten (Art. 478 des Gerichtsgesetzbuches).<\/p><h5><span style=\"color: #333333\"><strong>PR\u00c4SIDENT UND RAT<\/strong><\/span><\/h5><div>\u00a0<\/div><p>Die Leitung der Rechtsanwaltskammer am Kassationshof beruht sich auf dem Vorsteher der Kammer, der den Titel \u201ePr\u00e4sident der Anwaltskammer&#8220; f\u00fchrt. Dem Pr\u00e4sidenten wird von einem Vorstand von f\u00fcnf Mitgliedern, einschlie\u00dflich der Pr\u00e4sidenten, beigestanden.<\/p><p>Die Zusammensetzung des Kammervorstandes sieht im Gerichtsjahr 2024-2025 wie folgt aus:<\/p><table border=\"0\" width=\"400\" cellspacing=\"10\" cellpadding=\"3\"><tbody><tr><td><strong>Der Pr\u00e4sident<\/strong><\/td><td>Herr Paul Alain FORIERS\u00a0<\/td><td>\u00a0<\/td><\/tr><tr><td><strong>Mitglieder<\/strong><\/td><td>Herr Paul LEFEBVRE<br \/>Frau Caroline DE BAETS<br \/>Frau Mich\u00e8le GREGOIRE<br \/>Frau Beatrix VANLERBERGHE<\/td><\/tr><\/tbody><\/table><h5><span style=\"color: #333333\"><strong>SEKRETARIAT<\/strong><\/span><\/h5><div>\u00a0<\/div><p>Das Sekretariat der Kammer befindet sich im 2. Stock des Westfl\u00fcgels des Justizpalastes, am Ende des Flurs gegen\u00fcber der Bibliothek des Kassationshofes. Das Sekretariat ist jeden Tag von 9 bis 12 Uhr ge\u00f6ffnet. Sie k\u00f6nnen \u00fcber den Sekret\u00e4r mit der Rechtsanwaltschaft am Kassationshof Kontakt aufnehmen.<\/p><p>Telefon : 02\/508.67.46<br \/>Fax : 02\/519.84.55<br \/>E-mail : <a href=\"mailto:cass@advocass.be\" target=\"_blank\" rel=\"noopener\">cass@advocass.be<\/a><\/p><p>Sekret\u00e4r der Rechtsanwaltschaft am Kassationshof: Frau Virginie Boonen<\/p>\t\t\t\t\t\t<\/div>\n\t\t\t\t<\/div>\n\t\t\t\t\t<\/div>\n\t\t<\/div>\n\t\t\t\t\t\t\t<\/div>\n\t\t<\/section>\n\t\t\t\t\t\t\t<\/div>\n\t\t","protected":false},"excerpt":{"rendered":"<p>Organisation KASSATIONS-ANWALTSKAMMER WAS IST DIE RECHTSANWALTSKAMMER BEIM KASSATIONSHOF? \u00a0 Die Rechtsanwaltskammer beim Kassationshof ist eine juristische Person des \u00f6ffentlichen Rechts. Die Kammer hat ihren Sitz in dem Justizpalast, Poelaertplein, in 1000 Br\u00fcssel. ZUSAMMENSETZUNG \u00a0 Die Rechtsanw\u00e4lte beim Kassationshof bilden zusammen die Rechtsanwaltskammer beim Kassationshof (Art. 480 des Gerichtsgesetzbuches). Sie wird auch mit Rechtsanwaltschaft am Kassationshof &hellip;<\/p>\n<p class=\"read-more\"> <a class=\"\" href=\"https:\/\/advocass.be\/de\/allgemeine-informationen\/\"> <span class=\"screen-reader-text\">Organisation Rechtsanwaltschaft am Kassationshof<\/span> Weiterlesen &raquo;<\/a><\/p>\n","protected":false},"author":1,"featured_media":0,"parent":0,"menu_order":0,"comment_status":"closed","ping_status":"closed","template":"elementor_header_footer","meta":{"site-sidebar-layout":"no-sidebar","site-content-layout":"page-builder","ast-global-header-display":"","ast-main-header-display":"","ast-hfb-above-header-display":"","ast-hfb-below-header-display":"","ast-hfb-mobile-header-display":"","site-post-title":"disabled","ast-breadcrumbs-content":"","ast-featured-img":"disabled","footer-sml-layout":"","theme-transparent-header-meta":"","adv-header-id-meta":"","stick-header-meta":"","header-above-stick-meta":"","header-main-stick-meta":"","header-below-stick-meta":"","footnotes":""},"class_list":["post-445","page","type-page","status-publish","hentry"],"acf":[],"_links":{"self":[{"href":"https:\/\/advocass.be\/de\/wp-json\/wp\/v2\/pages\/445","targetHints":{"allow":["GET"]}}],"collection":[{"href":"https:\/\/advocass.be\/de\/wp-json\/wp\/v2\/pages"}],"about":[{"href":"https:\/\/advocass.be\/de\/wp-json\/wp\/v2\/types\/page"}],"author":[{"embeddable":true,"href":"https:\/\/advocass.be\/de\/wp-json\/wp\/v2\/users\/1"}],"replies":[{"embeddable":true,"href":"https:\/\/advocass.be\/de\/wp-json\/wp\/v2\/comments?post=445"}],"version-history":[{"count":69,"href":"https:\/\/advocass.be\/de\/wp-json\/wp\/v2\/pages\/445\/revisions"}],"predecessor-version":[{"id":4337,"href":"https:\/\/advocass.be\/de\/wp-json\/wp\/v2\/pages\/445\/revisions\/4337"}],"wp:attachment":[{"href":"https:\/\/advocass.be\/de\/wp-json\/wp\/v2\/media?parent=445"}],"curies":[{"name":"wp","href":"https:\/\/api.w.org\/{rel}","templated":true}]}}