{"id":457,"date":"2022-01-04T13:05:41","date_gmt":"2022-01-04T13:05:41","guid":{"rendered":"https:\/\/cassatie.lemon.be\/geschichte\/"},"modified":"2025-02-20T13:22:23","modified_gmt":"2025-02-20T11:22:23","slug":"geschichte","status":"publish","type":"page","link":"https:\/\/advocass.be\/de\/geschichte\/","title":{"rendered":"Geschichte"},"content":{"rendered":"\t\t<div data-elementor-type=\"wp-page\" data-elementor-id=\"457\" data-post-id=\"457\" data-obj-id=\"457\" class=\"elementor elementor-457 dce-elementor-post-457 elementor-25\">\n\t\t\t\t\t\t\t\t\t<section class=\"elementor-section elementor-top-section elementor-element elementor-element-75ac8c7 elementor-section-height-min-height elementor-section-items-stretch elementor-section-boxed elementor-section-height-default\" data-id=\"75ac8c7\" data-element_type=\"section\" data-settings=\"{&quot;background_background&quot;:&quot;classic&quot;}\">\n\t\t\t\t\t\t<div class=\"elementor-container elementor-column-gap-wider\">\n\t\t\t\t\t<div class=\"elementor-column elementor-col-50 elementor-top-column elementor-element elementor-element-f22d016\" data-id=\"f22d016\" data-element_type=\"column\" data-settings=\"{&quot;background_background&quot;:&quot;classic&quot;}\">\n\t\t\t<div class=\"elementor-widget-wrap elementor-element-populated\">\n\t\t\t\t\t\t\t\t<div class=\"elementor-element elementor-element-e9e754d elementor-widget elementor-widget-heading\" data-id=\"e9e754d\" data-element_type=\"widget\" data-widget_type=\"heading.default\">\n\t\t\t\t<div class=\"elementor-widget-container\">\n\t\t\t<h2 class=\"elementor-heading-title elementor-size-default\">Geschichte<\/h2>\t\t<\/div>\n\t\t\t\t<\/div>\n\t\t\t\t\t<\/div>\n\t\t<\/div>\n\t\t\t\t<div class=\"elementor-column elementor-col-50 elementor-top-column elementor-element elementor-element-1a43900\" data-id=\"1a43900\" data-element_type=\"column\">\n\t\t\t<div class=\"elementor-widget-wrap\">\n\t\t\t\t\t\t\t\t\t<\/div>\n\t\t<\/div>\n\t\t\t\t\t\t\t<\/div>\n\t\t<\/section>\n\t\t\t\t<section class=\"elementor-section elementor-top-section elementor-element elementor-element-4b7d649 elementor-section-boxed elementor-section-height-default elementor-section-height-default\" data-id=\"4b7d649\" data-element_type=\"section\">\n\t\t\t\t\t\t<div class=\"elementor-container elementor-column-gap-default\">\n\t\t\t\t\t<div class=\"elementor-column elementor-col-100 elementor-top-column elementor-element elementor-element-f5537a6\" data-id=\"f5537a6\" data-element_type=\"column\">\n\t\t\t<div class=\"elementor-widget-wrap elementor-element-populated\">\n\t\t\t\t\t\t\t\t<div class=\"elementor-element elementor-element-1230d24 elementor-widget elementor-widget-text-editor\" data-id=\"1230d24\" data-element_type=\"widget\" data-widget_type=\"text-editor.default\">\n\t\t\t\t<div class=\"elementor-widget-container\">\n\t\t\t\t\t\t\t<h4 style=\"text-align: center\"><strong>GESCHICHTE<\/strong><\/h4>\t\t\t\t\t\t<\/div>\n\t\t\t\t<\/div>\n\t\t\t\t<div class=\"elementor-element elementor-element-49ff0b2 elementor-widget elementor-widget-text-editor\" data-id=\"49ff0b2\" data-element_type=\"widget\" data-widget_type=\"text-editor.default\">\n\t\t\t\t<div class=\"elementor-widget-container\">\n\t\t\t\t\t\t\t<p>Um mehr \u00fcber die Geschichte der Kassationskammer zu erfahren, k\u00f6nnen Sie unter anderem folgende Beitr\u00e4ge konsultieren:<\/p><ul><li>R. B\u00fctzler &amp; H. Geinger, \u201cKleine kroniek van de Orde van Advocaten bij het Hof van Cassatie\u201d, in <em>Liber amicorum Lucien Simont<\/em>, Bruylant, 2002, 11-32<\/li><li>W. van Eeckhoutte, \u201cDe Balie Bij Het Hof van Cassatie\u202f: Oorsprong en Evolutie\u201d,\u00a0<em>Pro memorie<\/em> (Hilversum), Georges Martyn et al. (ed.), vol. 11, no. 1\u20132, 2009, pp. 297\u2013318<\/li><li>J. de Brouwer &amp; S. Vandenbogaerde, <em>Geschiedenis van de balie bij het Hof van Cassatie- Histoire du barreau pr\u00e8s la Cour de cassation<\/em>, P. Lefebvre &amp; C. De Baets (ed.), KnopsPublishing, 2023<\/li><\/ul>\t\t\t\t\t\t<\/div>\n\t\t\t\t<\/div>\n\t\t\t\t<div class=\"elementor-element elementor-element-df6016c elementor-widget elementor-widget-text-editor\" data-id=\"df6016c\" data-element_type=\"widget\" data-widget_type=\"text-editor.default\">\n\t\t\t\t<div class=\"elementor-widget-container\">\n\t\t\t\t\t\t\t<h4 style=\"text-align: center\"><strong>EINIGE STREIKENDE KASSATIONSANW\u00c4LTE<\/strong><\/h4>\t\t\t\t\t\t<\/div>\n\t\t\t\t<\/div>\n\t\t\t\t<div class=\"elementor-element elementor-element-97ec137 elementor-widget elementor-widget-text-editor\" data-id=\"97ec137\" data-element_type=\"widget\" data-widget_type=\"text-editor.default\">\n\t\t\t\t<div class=\"elementor-widget-container\">\n\t\t\t\t\t\t\t<p>Anmerkung: Die Daten geben den Zeitraum an, in dem die aufgef\u00fchrten Anw\u00e4lte Mitglieder der Kassationskammer waren.<\/p><ul><li><em><span style=\"color: #808080\"><strong>Pierre Sanfourche-Laporte<\/strong><\/span><\/em> : 1832 &#8211; 1852 <br \/>Pierre Sanfourche-Laporte wurde in Frankreich geboren und studierte dort. Er geh\u00f6rte zu der ersten Gruppe von zehn Kassationsanw\u00e4lten, die 1832 ernannt wurden. Er war der erste Pr\u00e4sident der Anwaltskammer, der 1837 gew\u00e4hlt wurde.<\/li><li><span style=\"color: #808080\"><em><strong>Auguste Beernaert<\/strong><\/em><\/span>: 1859 &#8211; 1912<br \/>Auguste Beernaert, der bereits im Alter von drei\u00dfig Jahren zum Anwalt am Kassationshof ernannt wurde, war auch langj\u00e4hriges Mitglied und sp\u00e4ter Pr\u00e4sident der Abgeordnetenkammer. Er wurde auch Minister und sp\u00e4ter Staatsminister. Er vertrat Belgien auf den Friedenskongressen in Den Haag 1899 und 1907, wof\u00fcr er 1909 den Friedensnobelpreis erhielt.<\/li><li><span style=\"color: #808080\"><em><strong>Edmond Picard<\/strong><\/em><\/span>: 1880 &#8211; 1920<br \/>Edmond Picard war ein sehr vielseitiger Mann: Seemann, Rechtsanwalt, Professor, Senator, Kunstexperte, M\u00e4zen, Schriftsteller, Publizist. Die \u201ePandectes belges\u201c, das \u201eJournal des Tribunaux\u201c, die \u201eCodes Edmond Picard\u201c sowie die Pr\u00e4senz von Kunstwerken im Br\u00fcsseler Justizpalast und in anderen \u00f6ffentlichen Orten sind ihm zu verdanken. Sein Antisemitismus ist jedoch ein Schandfleck in seinem Leben.<\/li><li><span style=\"color: #808080\"><em><strong>Paul Struye<\/strong><\/em><\/span>: 1938 &#8211; 1974<br \/>W\u00e4hrend des Zweiten Weltkriegs war Paul Struye eine der treibenden Kr\u00e4fte hinter dem Protest der Kassationsanwaltskammer gegen das Regime der deutschen Besatzer und dessen Deportations- und Zwangsarbeitsma\u00dfnahmen. Er hat auch einen Gesetzesentwurf eingebracht, der die Zulassung von Frauen als Anw\u00e4ltinnen am Kassationsgerichtshof vorsah und der 1948 angenommen wurde.<\/li><li><span style=\"color: #808080\"><em><strong>C\u00e9cile Draps<\/strong><\/em><\/span>: 1980 &#8211; 2008<br \/>C\u00e9cile Draps war die erste weiblichte Anw\u00e4ltin am Kassationshof, ernannt 1980. Von 1996 bis 1998 war sie Pr\u00e4sidentin der Anwaltskammer.<\/li><\/ul>\t\t\t\t\t\t<\/div>\n\t\t\t\t<\/div>\n\t\t\t\t\t<\/div>\n\t\t<\/div>\n\t\t\t\t\t\t\t<\/div>\n\t\t<\/section>\n\t\t\t\t\t\t\t<\/div>\n\t\t","protected":false},"excerpt":{"rendered":"<p>Geschichte GESCHICHTE Um mehr \u00fcber die Geschichte der Kassationskammer zu erfahren, k\u00f6nnen Sie unter anderem folgende Beitr\u00e4ge konsultieren: R. B\u00fctzler &amp; H. Geinger, \u201cKleine kroniek van de Orde van Advocaten bij het Hof van Cassatie\u201d, in Liber amicorum Lucien Simont, Bruylant, 2002, 11-32 W. van Eeckhoutte, \u201cDe Balie Bij Het Hof van Cassatie\u202f: Oorsprong en &hellip;<\/p>\n<p class=\"read-more\"> <a class=\"\" href=\"https:\/\/advocass.be\/de\/geschichte\/\"> <span class=\"screen-reader-text\">Geschichte<\/span> Weiterlesen &raquo;<\/a><\/p>\n","protected":false},"author":1,"featured_media":0,"parent":0,"menu_order":0,"comment_status":"closed","ping_status":"closed","template":"elementor_header_footer","meta":{"site-sidebar-layout":"no-sidebar","site-content-layout":"page-builder","ast-global-header-display":"","ast-main-header-display":"","ast-hfb-above-header-display":"","ast-hfb-below-header-display":"","ast-hfb-mobile-header-display":"","site-post-title":"disabled","ast-breadcrumbs-content":"","ast-featured-img":"disabled","footer-sml-layout":"","theme-transparent-header-meta":"","adv-header-id-meta":"","stick-header-meta":"","header-above-stick-meta":"","header-main-stick-meta":"","header-below-stick-meta":"","footnotes":""},"class_list":["post-457","page","type-page","status-publish","hentry"],"acf":[],"_links":{"self":[{"href":"https:\/\/advocass.be\/de\/wp-json\/wp\/v2\/pages\/457","targetHints":{"allow":["GET"]}}],"collection":[{"href":"https:\/\/advocass.be\/de\/wp-json\/wp\/v2\/pages"}],"about":[{"href":"https:\/\/advocass.be\/de\/wp-json\/wp\/v2\/types\/page"}],"author":[{"embeddable":true,"href":"https:\/\/advocass.be\/de\/wp-json\/wp\/v2\/users\/1"}],"replies":[{"embeddable":true,"href":"https:\/\/advocass.be\/de\/wp-json\/wp\/v2\/comments?post=457"}],"version-history":[{"count":39,"href":"https:\/\/advocass.be\/de\/wp-json\/wp\/v2\/pages\/457\/revisions"}],"predecessor-version":[{"id":4039,"href":"https:\/\/advocass.be\/de\/wp-json\/wp\/v2\/pages\/457\/revisions\/4039"}],"wp:attachment":[{"href":"https:\/\/advocass.be\/de\/wp-json\/wp\/v2\/media?parent=457"}],"curies":[{"name":"wp","href":"https:\/\/api.w.org\/{rel}","templated":true}]}}