{"id":489,"date":"2022-01-04T15:09:04","date_gmt":"2022-01-04T15:09:04","guid":{"rendered":"https:\/\/cassatie.lemon.be\/lexicon\/"},"modified":"2025-03-13T11:01:15","modified_gmt":"2025-03-13T09:01:15","slug":"lexikon","status":"publish","type":"page","link":"https:\/\/advocass.be\/de\/lexikon\/","title":{"rendered":"Lexikon"},"content":{"rendered":"\t\t<div data-elementor-type=\"wp-page\" data-elementor-id=\"489\" data-post-id=\"489\" data-obj-id=\"489\" class=\"elementor elementor-489 dce-elementor-post-489 elementor-36\">\n\t\t\t\t\t\t\t\t\t<section class=\"elementor-section elementor-top-section elementor-element elementor-element-0fd7bd2 elementor-section-height-min-height elementor-section-items-stretch elementor-section-boxed elementor-section-height-default\" data-id=\"0fd7bd2\" data-element_type=\"section\" data-settings=\"{&quot;background_background&quot;:&quot;classic&quot;}\">\n\t\t\t\t\t\t<div class=\"elementor-container elementor-column-gap-wider\">\n\t\t\t\t\t<div class=\"elementor-column elementor-col-50 elementor-top-column elementor-element elementor-element-ba80fbf\" data-id=\"ba80fbf\" data-element_type=\"column\" data-settings=\"{&quot;background_background&quot;:&quot;classic&quot;}\">\n\t\t\t<div class=\"elementor-widget-wrap elementor-element-populated\">\n\t\t\t\t\t\t\t\t<div class=\"elementor-element elementor-element-80b4ec6 elementor-widget elementor-widget-heading\" data-id=\"80b4ec6\" data-element_type=\"widget\" data-widget_type=\"heading.default\">\n\t\t\t\t<div class=\"elementor-widget-container\">\n\t\t\t<h2 class=\"elementor-heading-title elementor-size-default\">Lexikon<\/h2>\t\t<\/div>\n\t\t\t\t<\/div>\n\t\t\t\t\t<\/div>\n\t\t<\/div>\n\t\t\t\t<div class=\"elementor-column elementor-col-50 elementor-top-column elementor-element elementor-element-73871a9\" data-id=\"73871a9\" data-element_type=\"column\">\n\t\t\t<div class=\"elementor-widget-wrap\">\n\t\t\t\t\t\t\t\t\t<\/div>\n\t\t<\/div>\n\t\t\t\t\t\t\t<\/div>\n\t\t<\/section>\n\t\t\t\t<section class=\"elementor-section elementor-top-section elementor-element elementor-element-abb7331 elementor-section-boxed elementor-section-height-default elementor-section-height-default\" data-id=\"abb7331\" data-element_type=\"section\">\n\t\t\t\t\t\t<div class=\"elementor-container elementor-column-gap-default\">\n\t\t\t\t\t<div class=\"elementor-column elementor-col-100 elementor-top-column elementor-element elementor-element-8110c8f\" data-id=\"8110c8f\" data-element_type=\"column\">\n\t\t\t<div class=\"elementor-widget-wrap elementor-element-populated\">\n\t\t\t\t\t\t\t\t<div class=\"elementor-element elementor-element-1c20ec6 elementor-widget elementor-widget-text-editor\" data-id=\"1c20ec6\" data-element_type=\"widget\" data-widget_type=\"text-editor.default\">\n\t\t\t\t<div class=\"elementor-widget-container\">\n\t\t\t\t\t\t\t<p>\u00a0<\/p><p>In den Urteilen des Kassationshofs und den Schlussantr\u00e4gen der Staatsanwaltschaft bei diesem Hof, die auf Niederl\u00e4ndisch oder Franz\u00f6sisch verfasst sind, kommen Begriffe vor, die spezifisch f\u00fcr das Kassationsverfahren sind.<\/p><p>Auf der niederl\u00e4ndischen und franz\u00f6sischen Seite dieses Abschnitts finden Sie <strong>ein kurzes Lexikon zum Nutzen des Rechtssuchenden, in dem einige Erkl\u00e4rungen zur g\u00e4ngigsten Rechtssprache des Kassationshofs und seiner Staatsanwaltschaft gegeben werden<\/strong>.<\/p><p>Dieses Lexikon hat nicht den Anspruch wissenschaftlich zu sein. Es ist daher zwangsl\u00e4ufig unvollst\u00e4ndig und fehlt an wissenschaftlicher Strenge. Zudem wird es niemals die wohl\u00fcberlegten Informationen ersetzen, die ein Anwalt beim Kassationshof oder ein anderer Anwalt geben kann. Sein einziges Ziel ist es, zu versuchen, ein Fachjargon f\u00fcr die breite \u00d6ffentlichkeit zug\u00e4nglicher zu machen.\u00a0<\/p>\t\t\t\t\t\t<\/div>\n\t\t\t\t<\/div>\n\t\t\t\t\t<\/div>\n\t\t<\/div>\n\t\t\t\t\t\t\t<\/div>\n\t\t<\/section>\n\t\t\t\t\t\t\t<\/div>\n\t\t","protected":false},"excerpt":{"rendered":"<p>Lexikon \u00a0 In den Urteilen des Kassationshofs und den Schlussantr\u00e4gen der Staatsanwaltschaft bei diesem Hof, die auf Niederl\u00e4ndisch oder Franz\u00f6sisch verfasst sind, kommen Begriffe vor, die spezifisch f\u00fcr das Kassationsverfahren sind. Auf der niederl\u00e4ndischen und franz\u00f6sischen Seite dieses Abschnitts finden Sie ein kurzes Lexikon zum Nutzen des Rechtssuchenden, in dem einige Erkl\u00e4rungen zur g\u00e4ngigsten Rechtssprache &hellip;<\/p>\n<p class=\"read-more\"> <a class=\"\" href=\"https:\/\/advocass.be\/de\/lexikon\/\"> <span class=\"screen-reader-text\">Lexikon<\/span> Weiterlesen &raquo;<\/a><\/p>\n","protected":false},"author":1,"featured_media":0,"parent":0,"menu_order":0,"comment_status":"closed","ping_status":"closed","template":"elementor_header_footer","meta":{"site-sidebar-layout":"no-sidebar","site-content-layout":"page-builder","ast-global-header-display":"","ast-main-header-display":"","ast-hfb-above-header-display":"","ast-hfb-below-header-display":"","ast-hfb-mobile-header-display":"","site-post-title":"disabled","ast-breadcrumbs-content":"","ast-featured-img":"disabled","footer-sml-layout":"","theme-transparent-header-meta":"","adv-header-id-meta":"","stick-header-meta":"","header-above-stick-meta":"","header-main-stick-meta":"","header-below-stick-meta":"","footnotes":""},"class_list":["post-489","page","type-page","status-publish","hentry"],"acf":[],"_links":{"self":[{"href":"https:\/\/advocass.be\/de\/wp-json\/wp\/v2\/pages\/489","targetHints":{"allow":["GET"]}}],"collection":[{"href":"https:\/\/advocass.be\/de\/wp-json\/wp\/v2\/pages"}],"about":[{"href":"https:\/\/advocass.be\/de\/wp-json\/wp\/v2\/types\/page"}],"author":[{"embeddable":true,"href":"https:\/\/advocass.be\/de\/wp-json\/wp\/v2\/users\/1"}],"replies":[{"embeddable":true,"href":"https:\/\/advocass.be\/de\/wp-json\/wp\/v2\/comments?post=489"}],"version-history":[{"count":55,"href":"https:\/\/advocass.be\/de\/wp-json\/wp\/v2\/pages\/489\/revisions"}],"predecessor-version":[{"id":4068,"href":"https:\/\/advocass.be\/de\/wp-json\/wp\/v2\/pages\/489\/revisions\/4068"}],"wp:attachment":[{"href":"https:\/\/advocass.be\/de\/wp-json\/wp\/v2\/media?parent=489"}],"curies":[{"name":"wp","href":"https:\/\/api.w.org\/{rel}","templated":true}]}}