{"id":550,"date":"2022-01-04T15:30:48","date_gmt":"2022-01-04T15:30:48","guid":{"rendered":"https:\/\/cassatie.lemon.be\/opleiding-in-de-cassatietechniek-en-procedures\/"},"modified":"2025-02-18T13:06:02","modified_gmt":"2025-02-18T11:06:02","slug":"opleiding-in-de-cassatietechniek-en-procedures","status":"publish","type":"page","link":"https:\/\/advocass.be\/de\/opleiding-in-de-cassatietechniek-en-procedures\/","title":{"rendered":"Ausbildung im Kassationstechnik und -verfahren"},"content":{"rendered":"\t\t<div data-elementor-type=\"wp-page\" data-elementor-id=\"550\" data-post-id=\"550\" data-obj-id=\"550\" class=\"elementor elementor-550 dce-elementor-post-550 elementor-32\">\n\t\t\t\t\t\t\t\t\t<section class=\"elementor-section elementor-top-section elementor-element elementor-element-964c7ac elementor-section-height-min-height elementor-section-items-stretch elementor-section-boxed elementor-section-height-default\" data-id=\"964c7ac\" data-element_type=\"section\" data-settings=\"{&quot;background_background&quot;:&quot;classic&quot;}\">\n\t\t\t\t\t\t<div class=\"elementor-container elementor-column-gap-wider\">\n\t\t\t\t\t<div class=\"elementor-column elementor-col-50 elementor-top-column elementor-element elementor-element-eddb94a\" data-id=\"eddb94a\" data-element_type=\"column\" data-settings=\"{&quot;background_background&quot;:&quot;classic&quot;}\">\n\t\t\t<div class=\"elementor-widget-wrap elementor-element-populated\">\n\t\t\t\t\t\t\t\t<div class=\"elementor-element elementor-element-0b9c18e elementor-widget elementor-widget-heading\" data-id=\"0b9c18e\" data-element_type=\"widget\" data-widget_type=\"heading.default\">\n\t\t\t\t<div class=\"elementor-widget-container\">\n\t\t\t<h2 class=\"elementor-heading-title elementor-size-default\">AUSBILDung iM Kassationstechnik und -verfahren<\/h2>\t\t<\/div>\n\t\t\t\t<\/div>\n\t\t\t\t\t<\/div>\n\t\t<\/div>\n\t\t\t\t<div class=\"elementor-column elementor-col-50 elementor-top-column elementor-element elementor-element-a80f309\" data-id=\"a80f309\" data-element_type=\"column\">\n\t\t\t<div class=\"elementor-widget-wrap\">\n\t\t\t\t\t\t\t\t\t<\/div>\n\t\t<\/div>\n\t\t\t\t\t\t\t<\/div>\n\t\t<\/section>\n\t\t\t\t<section class=\"elementor-section elementor-top-section elementor-element elementor-element-ddda9aa elementor-section-boxed elementor-section-height-default elementor-section-height-default\" data-id=\"ddda9aa\" data-element_type=\"section\">\n\t\t\t\t\t\t<div class=\"elementor-container elementor-column-gap-default\">\n\t\t\t\t\t<div class=\"elementor-column elementor-col-100 elementor-top-column elementor-element elementor-element-8d6c0f5\" data-id=\"8d6c0f5\" data-element_type=\"column\">\n\t\t\t<div class=\"elementor-widget-wrap elementor-element-populated\">\n\t\t\t\t\t\t\t\t<div class=\"elementor-element elementor-element-f864a15 elementor-widget elementor-widget-text-editor\" data-id=\"f864a15\" data-element_type=\"widget\" data-widget_type=\"text-editor.default\">\n\t\t\t\t<div class=\"elementor-widget-container\">\n\t\t\t\t\t\t\t<h4 style=\"text-align: center;\"><span style=\"color: #333333;\"><strong>AUSBILDUNG IM KASSATIONSTECHNIK UND KASSATIONSVERFAHREN<\/strong><\/span><\/h4><div><span style=\"color: #333333;\"><strong>\u00a0<\/strong><\/span><\/div><div><span style=\"color: #333333;\"><strong>\u00a0<\/strong><\/span><\/div><p>Der Kassationshof hat eine ganz andere Aufgabe als die anderen Gerichte. Seine Hauptaufgabe besteht darin, \u00fcber Berufungen gegen letztinstanzliche Entscheidungen zu entscheiden, gegen die ein Versto\u00df gegen das Gesetz oder gegen wesentliche oder vorgeschriebene Formen unter Androhung der Nichtigkeit geltend gemacht wird (Artikel 608 des Gerichtsgesetzbuchs). Dabei befasst sich der Kassationshof nicht mit der Beurteilung des Sachverhalts oder der Rechtssache selbst (Artikel 147 der Verfassung).<\/p><p>Der Ablauf des Verfahrens vor dem Kassationshof (siehe Artikel 1073 bis 1121\/6 des Gerichtsgesetzbuchs) unterscheidet sich ebenfalls v\u00f6llig von dem der Verfahren vor den anderen Gerichten.<\/p><p>Verfahren vor dem Kassationshof erfordern daher andere Kenntnisse und F\u00e4higkeiten als die, \u00fcber die Anw\u00e4lte im Allgemeinen verf\u00fcgen m\u00fcssen. Um interessierte Anw\u00e4lte aus den anderen Anwaltskammern damit vertraut zu machen, organisiert die Anwaltskammer beim Kassationshof seit 1978 Fortbildungsveranstaltungen zur Kassationstechnik und zum Kassationsverfahren.<\/p><p style=\"text-align: center;\">***<\/p><p style=\"text-align: left;\">Der Kurs kann von denjenigen besucht werden, die ihre eigenen Kassationsbestimmungen, Klagebegr\u00fcndungen oder Erwiderungsschrifts\u00e4tze in F\u00e4llen verfassen wollen, in denen die Unterst\u00fctzung eines Anwalts am Kassationshof nicht erforderlich ist. Die Kenntnis der Kassationstechnik kann aber auch f\u00fcr diejenigen von Nutzen sein, die sich in ihren Schrifts\u00e4tzen in der Hauptsache auf ein m\u00f6gliches sp\u00e4teres Kassationsverfahren einstellen wollen.<\/p><p>Die Ausbildung ist nat\u00fcrlich entscheidend f\u00fcr diejenigen, die den Beruf des Kassationsanwalts anstreben, denn nur wer das Examen nach dem mehrj\u00e4hrigen Zyklus besteht, kann sich f\u00fcr dieses Amt bewerben (Artikel 478 Absatz 2 des Gerichtsverfassungsgesetzes). Mit anderen Worten: Das Bestehen der Pr\u00fcfung ist eine Voraussetzung f\u00fcr die Ernennung zum Rechtsanwalt am Obersten Gerichtshof.<\/p><p style=\"text-align: center;\">***<\/p><p style=\"text-align: left;\">Die Ausbildung wird gem\u00e4\u00df Artikel 478 Absatz 2 des Gerichtsgesetzbuchs alle f\u00fcnf Jahre von der Anwaltskammer beim Kassationshof organisiert.<\/p><p>Diese mehrj\u00e4hrige Ausbildung unterscheidet sich von der Ausbildung in Kassationsverfahren in Strafsachen gem\u00e4\u00df Artikel 425 \u00a7 2 der Strafprozessordnung, die von der OVB und der OBFG organisiert wird. Die letztgenannte Ausbildung erm\u00f6glicht es, Inhaber der Bescheinigung zu werden, die nach der genannten Vorschrift erforderlich ist, um vor dem Kassationshof in Strafsachen aufzutreten.<\/p><p>Die von der Anwaltskammer beim Kassationshof organisierte Ausbildung wird in niederl\u00e4ndischer und franz\u00f6sischer Sprache durchgef\u00fchrt. Den Inhalt und die Organisation der Ausbildung entnehmen Sie bitte den Informationen auf unserer Website in niederl\u00e4ndischer (<a href=\"https:\/\/advocass.be\/opleiding-in-de-cassatietechniek-en-procedure\/\">Opleiding in de cassatietechniek en -procedure \u2013 Advocass<\/a>) und franz\u00f6sischer Sprache (<a href=\"https:\/\/advocass.be\/fr\/opleiding-in-de-cassatietechniek-en-procedures\/\">Formation \u00e0 la technique et proc\u00e9dure de cassation \u2013 Advocass<\/a>).<\/p>\t\t\t\t\t\t<\/div>\n\t\t\t\t<\/div>\n\t\t\t\t\t<\/div>\n\t\t<\/div>\n\t\t\t\t\t\t\t<\/div>\n\t\t<\/section>\n\t\t\t\t\t\t\t<\/div>\n\t\t","protected":false},"excerpt":{"rendered":"<p>AUSBILDung iM Kassationstechnik und -verfahren AUSBILDUNG IM KASSATIONSTECHNIK UND KASSATIONSVERFAHREN \u00a0\u00a0 Der Kassationshof hat eine ganz andere Aufgabe als die anderen Gerichte. Seine Hauptaufgabe besteht darin, \u00fcber Berufungen gegen letztinstanzliche Entscheidungen zu entscheiden, gegen die ein Versto\u00df gegen das Gesetz oder gegen wesentliche oder vorgeschriebene Formen unter Androhung der Nichtigkeit geltend gemacht wird (Artikel 608 &hellip;<\/p>\n<p class=\"read-more\"> <a class=\"\" href=\"https:\/\/advocass.be\/de\/opleiding-in-de-cassatietechniek-en-procedures\/\"> <span class=\"screen-reader-text\">Ausbildung im Kassationstechnik und -verfahren<\/span> Weiterlesen &raquo;<\/a><\/p>\n","protected":false},"author":1,"featured_media":0,"parent":0,"menu_order":0,"comment_status":"closed","ping_status":"closed","template":"elementor_header_footer","meta":{"site-sidebar-layout":"no-sidebar","site-content-layout":"page-builder","ast-global-header-display":"","ast-main-header-display":"","ast-hfb-above-header-display":"","ast-hfb-below-header-display":"","ast-hfb-mobile-header-display":"","site-post-title":"disabled","ast-breadcrumbs-content":"","ast-featured-img":"disabled","footer-sml-layout":"","theme-transparent-header-meta":"","adv-header-id-meta":"","stick-header-meta":"","header-above-stick-meta":"","header-main-stick-meta":"","header-below-stick-meta":"","footnotes":""},"class_list":["post-550","page","type-page","status-publish","hentry"],"acf":[],"_links":{"self":[{"href":"https:\/\/advocass.be\/de\/wp-json\/wp\/v2\/pages\/550","targetHints":{"allow":["GET"]}}],"collection":[{"href":"https:\/\/advocass.be\/de\/wp-json\/wp\/v2\/pages"}],"about":[{"href":"https:\/\/advocass.be\/de\/wp-json\/wp\/v2\/types\/page"}],"author":[{"embeddable":true,"href":"https:\/\/advocass.be\/de\/wp-json\/wp\/v2\/users\/1"}],"replies":[{"embeddable":true,"href":"https:\/\/advocass.be\/de\/wp-json\/wp\/v2\/comments?post=550"}],"version-history":[{"count":46,"href":"https:\/\/advocass.be\/de\/wp-json\/wp\/v2\/pages\/550\/revisions"}],"predecessor-version":[{"id":4028,"href":"https:\/\/advocass.be\/de\/wp-json\/wp\/v2\/pages\/550\/revisions\/4028"}],"wp:attachment":[{"href":"https:\/\/advocass.be\/de\/wp-json\/wp\/v2\/media?parent=550"}],"curies":[{"name":"wp","href":"https:\/\/api.w.org\/{rel}","templated":true}]}}