{"id":2183,"date":"2024-10-15T13:32:16","date_gmt":"2024-10-15T11:32:16","guid":{"rendered":"https:\/\/advocass.be\/rechtsbijstand\/"},"modified":"2025-06-26T18:11:36","modified_gmt":"2025-06-26T16:11:36","slug":"assistance-juridique","status":"publish","type":"page","link":"https:\/\/advocass.be\/fr\/assistance-juridique\/","title":{"rendered":"Assistance judiciaire"},"content":{"rendered":"\t\t<div data-elementor-type=\"wp-page\" data-elementor-id=\"2183\" data-post-id=\"2183\" data-obj-id=\"2183\" class=\"elementor elementor-2183 dce-elementor-post-2183 elementor-2177\">\n\t\t\t\t\t\t\t\t\t<section class=\"elementor-section elementor-top-section elementor-element elementor-element-8daa800 elementor-section-height-min-height elementor-section-items-stretch elementor-section-boxed elementor-section-height-default\" data-id=\"8daa800\" data-element_type=\"section\" data-settings=\"{&quot;background_background&quot;:&quot;classic&quot;}\">\n\t\t\t\t\t\t<div class=\"elementor-container elementor-column-gap-wider\">\n\t\t\t\t\t<div class=\"elementor-column elementor-col-50 elementor-top-column elementor-element elementor-element-8217663\" data-id=\"8217663\" data-element_type=\"column\" data-settings=\"{&quot;background_background&quot;:&quot;classic&quot;}\">\n\t\t\t<div class=\"elementor-widget-wrap elementor-element-populated\">\n\t\t\t\t\t\t\t\t<div class=\"elementor-element elementor-element-a7defd5 elementor-widget elementor-widget-heading\" data-id=\"a7defd5\" data-element_type=\"widget\" data-widget_type=\"heading.default\">\n\t\t\t\t<div class=\"elementor-widget-container\">\n\t\t\t<h2 class=\"elementor-heading-title elementor-size-default\">Assistance judiciaire<\/h2>\t\t<\/div>\n\t\t\t\t<\/div>\n\t\t\t\t\t<\/div>\n\t\t<\/div>\n\t\t\t\t<div class=\"elementor-column elementor-col-50 elementor-top-column elementor-element elementor-element-8a5d6b5\" data-id=\"8a5d6b5\" data-element_type=\"column\">\n\t\t\t<div class=\"elementor-widget-wrap\">\n\t\t\t\t\t\t\t\t\t<\/div>\n\t\t<\/div>\n\t\t\t\t\t\t\t<\/div>\n\t\t<\/section>\n\t\t\t\t<section class=\"elementor-section elementor-top-section elementor-element elementor-element-28d97b6 elementor-section-boxed elementor-section-height-default elementor-section-height-default\" data-id=\"28d97b6\" data-element_type=\"section\">\n\t\t\t\t\t\t<div class=\"elementor-container elementor-column-gap-default\">\n\t\t\t\t\t<div class=\"elementor-column elementor-col-100 elementor-top-column elementor-element elementor-element-bc405d2\" data-id=\"bc405d2\" data-element_type=\"column\">\n\t\t\t<div class=\"elementor-widget-wrap elementor-element-populated\">\n\t\t\t\t\t\t\t\t<div class=\"elementor-element elementor-element-b4e06e4 elementor-widget elementor-widget-text-editor\" data-id=\"b4e06e4\" data-element_type=\"widget\" data-widget_type=\"text-editor.default\">\n\t\t\t\t<div class=\"elementor-widget-container\">\n\t\t\t\t\t\t\t<h4 style=\"text-align: center\"><strong>ASSISTANCE JUDICIAIRE<\/strong><\/h4>\t\t\t\t\t\t<\/div>\n\t\t\t\t<\/div>\n\t\t\t\t<div class=\"elementor-element elementor-element-065a001 elementor-widget elementor-widget-text-editor\" data-id=\"065a001\" data-element_type=\"widget\" data-widget_type=\"text-editor.default\">\n\t\t\t\t<div class=\"elementor-widget-container\">\n\t\t\t\t\t\t\t<p>Si vous n\u2019avez pas les moyens pour supporter les frais et honoraires demand\u00e9s par un avocat \u00e0 la Cour de cassation, vous pouvez faire appel \u00e0 l\u2019assistance judiciaire, pour autant que vous remplissez les conditions requises (financi\u00e8res et autres).<\/p><p>L\u2019assistance judiciaire n\u2019est pas demand\u00e9e \u00e0 un avocat \u00e0 la Cour de cassation, ni \u00e0 l\u2019Ordre des avocats \u00e0 la Cour de cassation ou \u00e0 son B\u00e2tonnier, mais doit \u00eatre directement demand\u00e9e au Bureau d\u2019assistance judiciaire de la Cour de cassation.<\/p><p>Les conditions pour l\u2019obtention de l\u2019assistance judiciaire, ainsi que l&rsquo;information concernant les donn\u00e9es et documents \u00e0 transmettre , sont disponibles sur le site web de la Cour de cassation, via le hyperlien <a href=\"https:\/\/www.cass.be\/files\/Assistancejudiciaire2.pdf\" target=\"_blank\" rel=\"noopener\">Assistancejudiciaire2.pdf<\/a>.<\/p><p>Il est fortement conseill\u00e9 de soumettre la requ\u00eate en assistance judiciaire le plus vite que possible au bureau d&rsquo;assistance judiciaire de la Cour. Les demandes introduites \u00e0 un moment o\u00f9 le d\u00e9lai de cassation est d\u00e9j\u00e0 \u00e9coul\u00e9 de moiti\u00e9 sont en effet rejet\u00e9es.<\/p>\t\t\t\t\t\t<\/div>\n\t\t\t\t<\/div>\n\t\t\t\t\t<\/div>\n\t\t<\/div>\n\t\t\t\t\t\t\t<\/div>\n\t\t<\/section>\n\t\t\t\t\t\t\t<\/div>\n\t\t","protected":false},"excerpt":{"rendered":"<p>Assistance judiciaire ASSISTANCE JUDICIAIRE Si vous n\u2019avez pas les moyens pour supporter les frais et honoraires demand\u00e9s par un avocat \u00e0 la Cour de cassation, vous pouvez faire appel \u00e0 l\u2019assistance judiciaire, pour autant que vous remplissez les conditions requises (financi\u00e8res et autres). L\u2019assistance judiciaire n\u2019est pas demand\u00e9e \u00e0 un avocat \u00e0 la Cour de &hellip;<\/p>\n<p class=\"read-more\"> <a class=\"\" href=\"https:\/\/advocass.be\/fr\/assistance-juridique\/\"> <span class=\"screen-reader-text\">Assistance judiciaire<\/span> Lire la suite\u00a0\u00bb<\/a><\/p>\n","protected":false},"author":62,"featured_media":0,"parent":0,"menu_order":0,"comment_status":"closed","ping_status":"closed","template":"elementor_header_footer","meta":{"site-sidebar-layout":"no-sidebar","site-content-layout":"page-builder","ast-global-header-display":"","ast-main-header-display":"","ast-hfb-above-header-display":"","ast-hfb-below-header-display":"","ast-hfb-mobile-header-display":"","site-post-title":"disabled","ast-breadcrumbs-content":"","ast-featured-img":"disabled","footer-sml-layout":"","theme-transparent-header-meta":"","adv-header-id-meta":"","stick-header-meta":"","header-above-stick-meta":"","header-main-stick-meta":"","header-below-stick-meta":"","footnotes":""},"class_list":["post-2183","page","type-page","status-publish","hentry"],"acf":[],"_links":{"self":[{"href":"https:\/\/advocass.be\/fr\/wp-json\/wp\/v2\/pages\/2183","targetHints":{"allow":["GET"]}}],"collection":[{"href":"https:\/\/advocass.be\/fr\/wp-json\/wp\/v2\/pages"}],"about":[{"href":"https:\/\/advocass.be\/fr\/wp-json\/wp\/v2\/types\/page"}],"author":[{"embeddable":true,"href":"https:\/\/advocass.be\/fr\/wp-json\/wp\/v2\/users\/62"}],"replies":[{"embeddable":true,"href":"https:\/\/advocass.be\/fr\/wp-json\/wp\/v2\/comments?post=2183"}],"version-history":[{"count":27,"href":"https:\/\/advocass.be\/fr\/wp-json\/wp\/v2\/pages\/2183\/revisions"}],"predecessor-version":[{"id":4527,"href":"https:\/\/advocass.be\/fr\/wp-json\/wp\/v2\/pages\/2183\/revisions\/4527"}],"wp:attachment":[{"href":"https:\/\/advocass.be\/fr\/wp-json\/wp\/v2\/media?parent=2183"}],"curies":[{"name":"wp","href":"https:\/\/api.w.org\/{rel}","templated":true}]}}