{"id":2387,"date":"2024-12-10T15:05:00","date_gmt":"2024-12-10T13:05:00","guid":{"rendered":"https:\/\/advocass.be\/publicaties\/"},"modified":"2026-02-17T15:24:59","modified_gmt":"2026-02-17T14:24:59","slug":"publicaties","status":"publish","type":"page","link":"https:\/\/advocass.be\/fr\/publicaties\/","title":{"rendered":"Publications"},"content":{"rendered":"\t\t<div data-elementor-type=\"wp-page\" data-elementor-id=\"2387\" data-post-id=\"2387\" data-obj-id=\"2387\" class=\"elementor elementor-2387 dce-elementor-post-2387 elementor-2379\">\n\t\t\t\t\t\t\t\t\t<section class=\"elementor-section elementor-top-section elementor-element elementor-element-1422bee elementor-section-height-min-height elementor-section-items-stretch elementor-section-boxed elementor-section-height-default\" data-id=\"1422bee\" data-element_type=\"section\" data-settings=\"{&quot;background_background&quot;:&quot;classic&quot;}\">\n\t\t\t\t\t\t<div class=\"elementor-container elementor-column-gap-wider\">\n\t\t\t\t\t<div class=\"elementor-column elementor-col-50 elementor-top-column elementor-element elementor-element-560628e\" data-id=\"560628e\" data-element_type=\"column\" data-settings=\"{&quot;background_background&quot;:&quot;classic&quot;}\">\n\t\t\t<div class=\"elementor-widget-wrap elementor-element-populated\">\n\t\t\t\t\t\t\t\t<div class=\"elementor-element elementor-element-2ff3e6d elementor-widget elementor-widget-heading\" data-id=\"2ff3e6d\" data-element_type=\"widget\" data-widget_type=\"heading.default\">\n\t\t\t\t<div class=\"elementor-widget-container\">\n\t\t\t<h2 class=\"elementor-heading-title elementor-size-default\">Publications<\/h2>\t\t<\/div>\n\t\t\t\t<\/div>\n\t\t\t\t\t<\/div>\n\t\t<\/div>\n\t\t\t\t<div class=\"elementor-column elementor-col-50 elementor-top-column elementor-element elementor-element-a4914bb\" data-id=\"a4914bb\" data-element_type=\"column\">\n\t\t\t<div class=\"elementor-widget-wrap\">\n\t\t\t\t\t\t\t\t\t<\/div>\n\t\t<\/div>\n\t\t\t\t\t\t\t<\/div>\n\t\t<\/section>\n\t\t\t\t<section class=\"elementor-section elementor-top-section elementor-element elementor-element-cd96199 elementor-section-boxed elementor-section-height-default elementor-section-height-default\" data-id=\"cd96199\" data-element_type=\"section\">\n\t\t\t\t\t\t<div class=\"elementor-container elementor-column-gap-default\">\n\t\t\t\t\t<div class=\"elementor-column elementor-col-100 elementor-top-column elementor-element elementor-element-fe53cca\" data-id=\"fe53cca\" data-element_type=\"column\">\n\t\t\t<div class=\"elementor-widget-wrap elementor-element-populated\">\n\t\t\t\t\t\t\t\t<div class=\"elementor-element elementor-element-a0115b2 elementor-widget elementor-widget-text-editor\" data-id=\"a0115b2\" data-element_type=\"widget\" data-widget_type=\"text-editor.default\">\n\t\t\t\t<div class=\"elementor-widget-container\">\n\t\t\t\t\t\t\t<h3 style=\"text-align: center\"><em><strong>Cassatio<\/strong><\/em><\/h3><h5 style=\"text-align: center\">s\u00e9rie \u00e9dit\u00e9e par le Barreau de cassation<\/h5>\t\t\t\t\t\t<\/div>\n\t\t\t\t<\/div>\n\t\t\t\t<div class=\"elementor-element elementor-element-932d8b9 elementor-widget elementor-widget-text-editor\" data-id=\"932d8b9\" data-element_type=\"widget\" data-widget_type=\"text-editor.default\">\n\t\t\t\t<div class=\"elementor-widget-container\">\n\t\t\t\t\t\t\t<ul><li>W. van Eeckhoutte &amp; B. Maes (eds.), <em>Genius, Grandeur &amp; G\u00eane<\/em>, KnopsPublishing, 2014, 239 blz.<\/li><li>B. Maes &amp; P. Wouters (eds.), <em>Proc\u00e9der devant la Cour de cassation \u2013 Procederen voor het Hof van Cassatie<\/em>, KnopsPublishing, 2016, 429 blz.<\/li><li>J. de Brouwer &amp; S. Vandenbogaerde, <em>Geschiedenis van de balie bij het Hof van Cassatie \u2013 Histoire du barreau pr\u00e8s la Cour de cassation<\/em>, P. Lefebvre &amp; C. De Baets (eds.), KnopsPublishing, 2023, 368 blz.<\/li><li>C. De Baets &amp; J. Oosterbosch (eds.), <em>Proc\u00e9der devant la Cour de cassation \u2013 Procederen voor het Hof van Cassatie<\/em>, 2<sup>e<\/sup> uitgave, KnopsPublishing 2023, 444 blz.<\/li><\/ul>\t\t\t\t\t\t<\/div>\n\t\t\t\t<\/div>\n\t\t\t\t\t<\/div>\n\t\t<\/div>\n\t\t\t\t\t\t\t<\/div>\n\t\t<\/section>\n\t\t\t\t\t\t\t<\/div>\n\t\t","protected":false},"excerpt":{"rendered":"<p>Publications Cassatio s\u00e9rie \u00e9dit\u00e9e par le Barreau de cassation W. van Eeckhoutte &amp; B. Maes (eds.), Genius, Grandeur &amp; G\u00eane, KnopsPublishing, 2014, 239 blz. B. Maes &amp; P. Wouters (eds.), Proc\u00e9der devant la Cour de cassation \u2013 Procederen voor het Hof van Cassatie, KnopsPublishing, 2016, 429 blz. J. de Brouwer &amp; S. Vandenbogaerde, Geschiedenis van &hellip;<\/p>\n<p class=\"read-more\"> <a class=\"\" href=\"https:\/\/advocass.be\/fr\/publicaties\/\"> <span class=\"screen-reader-text\">Publications<\/span> Lire la suite\u00a0\u00bb<\/a><\/p>\n","protected":false},"author":62,"featured_media":0,"parent":0,"menu_order":0,"comment_status":"closed","ping_status":"closed","template":"","meta":{"site-sidebar-layout":"no-sidebar","site-content-layout":"page-builder","ast-global-header-display":"","ast-main-header-display":"","ast-hfb-above-header-display":"","ast-hfb-below-header-display":"","ast-hfb-mobile-header-display":"","site-post-title":"disabled","ast-breadcrumbs-content":"","ast-featured-img":"disabled","footer-sml-layout":"","theme-transparent-header-meta":"","adv-header-id-meta":"","stick-header-meta":"","header-above-stick-meta":"","header-main-stick-meta":"","header-below-stick-meta":"","footnotes":""},"class_list":["post-2387","page","type-page","status-publish","hentry"],"acf":[],"_links":{"self":[{"href":"https:\/\/advocass.be\/fr\/wp-json\/wp\/v2\/pages\/2387","targetHints":{"allow":["GET"]}}],"collection":[{"href":"https:\/\/advocass.be\/fr\/wp-json\/wp\/v2\/pages"}],"about":[{"href":"https:\/\/advocass.be\/fr\/wp-json\/wp\/v2\/types\/page"}],"author":[{"embeddable":true,"href":"https:\/\/advocass.be\/fr\/wp-json\/wp\/v2\/users\/62"}],"replies":[{"embeddable":true,"href":"https:\/\/advocass.be\/fr\/wp-json\/wp\/v2\/comments?post=2387"}],"version-history":[{"count":15,"href":"https:\/\/advocass.be\/fr\/wp-json\/wp\/v2\/pages\/2387\/revisions"}],"predecessor-version":[{"id":4612,"href":"https:\/\/advocass.be\/fr\/wp-json\/wp\/v2\/pages\/2387\/revisions\/4612"}],"wp:attachment":[{"href":"https:\/\/advocass.be\/fr\/wp-json\/wp\/v2\/media?parent=2387"}],"curies":[{"name":"wp","href":"https:\/\/api.w.org\/{rel}","templated":true}]}}