{"id":429,"date":"2022-01-04T11:07:55","date_gmt":"2022-01-04T11:07:55","guid":{"rendered":"https:\/\/cassatie.lemon.be\/start\/"},"modified":"2025-01-07T15:25:00","modified_gmt":"2025-01-07T13:25:00","slug":"start","status":"publish","type":"page","link":"https:\/\/advocass.be\/fr\/","title":{"rendered":"Accueil"},"content":{"rendered":"\t\t<div data-elementor-type=\"wp-page\" data-elementor-id=\"429\" data-post-id=\"429\" data-obj-id=\"429\" class=\"elementor elementor-429 dce-elementor-post-429 elementor-9\">\n\t\t\t\t\t\t\t\t\t<section class=\"elementor-section elementor-top-section elementor-element elementor-element-9bc5c32 elementor-section-height-min-height linksboldwhite elementor-section-boxed elementor-section-height-default elementor-section-items-middle\" data-id=\"9bc5c32\" data-element_type=\"section\" data-settings=\"{&quot;background_background&quot;:&quot;classic&quot;}\">\n\t\t\t\t\t\t<div class=\"elementor-container elementor-column-gap-wider\">\n\t\t\t\t\t<div class=\"elementor-column elementor-col-100 elementor-top-column elementor-element elementor-element-106db0c\" data-id=\"106db0c\" data-element_type=\"column\">\n\t\t\t<div class=\"elementor-widget-wrap elementor-element-populated\">\n\t\t\t\t\t\t\t\t<div class=\"elementor-element elementor-element-5bfed5d elementor-widget elementor-widget-heading\" data-id=\"5bfed5d\" data-element_type=\"widget\" data-widget_type=\"heading.default\">\n\t\t\t\t<div class=\"elementor-widget-container\">\n\t\t\t<h2 class=\"elementor-heading-title elementor-size-large\">LE BARREAU PR\u00c8S LA COUR DE CASSATION<\/h2>\t\t<\/div>\n\t\t\t\t<\/div>\n\t\t\t\t<div class=\"elementor-element elementor-element-73e3f98 elementor-widget elementor-widget-text-editor\" data-id=\"73e3f98\" data-element_type=\"widget\" data-widget_type=\"text-editor.default\">\n\t\t\t\t<div class=\"elementor-widget-container\">\n\t\t\t\t\t\t\t<p>La loi a pr\u00e9vu pour toute la Belgique un seul\u00a0<strong>Ordre des avocats \u00e0 la Cour de cassation,<\/strong> distinct des autres<strong>\u00a0<\/strong>ordres d\u2019avocats et ne relevant donc ni de l\u2019<strong>Ordre des barreaux francophones et germanophone (OBFG)<\/strong>, ni de l\u2019<strong>Orde van Vlaamse Balies (OVB)<\/strong>. <strong>Sous l\u2019onglet <a href=\"https:\/\/advocass.be\/fr\/tableau\/\"><span style=\"color: #ebbc02\">Tableau<\/span><\/a> vous trouverez la liste des avocats \u00e0 la Cour de cassation et leurs coordonn\u00e9es.<\/strong><\/p><p>Les avocats \u00e0 la Cour de cassation sont limit\u00e9s en nombre. Ils sont sp\u00e9cialement form\u00e9s \u00e0 la technique et proc\u00e9dure de cassation. Ils sont les seuls \u00e0 pouvoir repr\u00e9senter les parties devant la Cour de cassation en mati\u00e8re civile, commerciale, sociale et disciplinaire. En mati\u00e8res p\u00e9nale (o\u00f9 les avocats titulaires d\u2019une attestation sp\u00e9ciale peuvent \u00e9galement agir en cassation) et fiscale, l\u2019intervention d\u2019un avocat \u00e0 la Cour de cassation n\u2019est pas obligatoire. Le r\u00e9gime particulier applicable aux affaires en cassation a pour but de contribuer au bon fonctionnement de la Cour de cassation et de pr\u00e9server les justiciables de proc\u00e9dures en cassation ne pr\u00e9sentant pas de chance de r\u00e9ussite, que ce soit sur le fond ou sur la forme.<\/p><p>Des d\u00e9lais stricts doivent \u00eatre respect\u00e9s pour former un pourvoi en cassation ou pour r\u00e9pondre \u00e0 un pourvoi, et ce tant en mati\u00e8re civile, commerciale, sociale et disciplinaire, qu\u2019en mati\u00e8re p\u00e9nale et fiscale. Il est donc n\u00e9cessaire de consulter l\u2019avocat dans le plus bref d\u00e9lai, sans attendre que le d\u00e9lai de cassation ait pris cours. Une affaire ne peut \u00eatre bien examin\u00e9e dans la pr\u00e9cipitation.<\/p><p><strong>Sous l\u2019onglet\u00a0<\/strong><a href=\"https:\/\/advocass.be\/fr\/vademecum-faq\/\"><span style=\"color: #ebbc02\"><strong>Proc\u00e9der en cassation\/FAQ<\/strong><\/span><\/a><strong>\u00a0vous trouverez une r\u00e9ponse aux questions les plus fr\u00e9quemment pos\u00e9es en ce qui concerne la proc\u00e9dure devant la Cour de cassation et tous les aspects possibles du r\u00f4le de l\u2019avocat \u00e0 la Cour de cassation dans cette proc\u00e9dure.<\/strong><\/p>\t\t\t\t\t\t<\/div>\n\t\t\t\t<\/div>\n\t\t\t\t\t<\/div>\n\t\t<\/div>\n\t\t\t\t\t\t\t<\/div>\n\t\t<\/section>\n\t\t\t\t<section class=\"elementor-section elementor-top-section elementor-element elementor-element-3cbe526 elementor-section-boxed elementor-section-height-default elementor-section-height-default\" data-id=\"3cbe526\" data-element_type=\"section\">\n\t\t\t\t\t\t<div class=\"elementor-container elementor-column-gap-default\">\n\t\t\t\t\t<div class=\"elementor-column elementor-col-100 elementor-top-column elementor-element elementor-element-7b914ac\" data-id=\"7b914ac\" data-element_type=\"column\">\n\t\t\t<div class=\"elementor-widget-wrap elementor-element-populated\">\n\t\t\t\t\t\t\t\t<section class=\"elementor-section elementor-inner-section elementor-element elementor-element-cea4d49 elementor-section-boxed elementor-section-height-default elementor-section-height-default\" data-id=\"cea4d49\" data-element_type=\"section\">\n\t\t\t\t\t\t<div class=\"elementor-container elementor-column-gap-default\">\n\t\t\t\t\t<div class=\"elementor-column elementor-col-20 elementor-inner-column elementor-element elementor-element-a254e0d\" data-id=\"a254e0d\" data-element_type=\"column\">\n\t\t\t<div class=\"elementor-widget-wrap elementor-element-populated\">\n\t\t\t\t\t\t\t\t<div class=\"elementor-element elementor-element-5a87894 elementor-widget elementor-widget-text-editor\" data-id=\"5a87894\" data-element_type=\"widget\" data-widget_type=\"text-editor.default\">\n\t\t\t\t<div class=\"elementor-widget-container\">\n\t\t\t\t\t\t\t<h3 style=\"text-align: center\">Quelques images<\/h3><h3 style=\"text-align: center\">&#8211;<\/h3><h3 style=\"text-align: center\">Palais de Justice \u00e0 Bruxelles<\/h3>\t\t\t\t\t\t<\/div>\n\t\t\t\t<\/div>\n\t\t\t\t\t<\/div>\n\t\t<\/div>\n\t\t\t\t<div class=\"elementor-column elementor-col-20 elementor-inner-column elementor-element elementor-element-e6c8b2b\" data-id=\"e6c8b2b\" data-element_type=\"column\">\n\t\t\t<div class=\"elementor-widget-wrap elementor-element-populated\">\n\t\t\t\t\t\t\t\t<div class=\"elementor-element elementor-element-ebad697 dce_masking-none elementor-widget elementor-widget-image\" data-id=\"ebad697\" data-element_type=\"widget\" data-widget_type=\"image.default\">\n\t\t\t\t<div class=\"elementor-widget-container\">\n\t\t\t\t\t\t\t\t\t\t\t\t\t\t\t<img decoding=\"async\" src=\"https:\/\/advocass.be\/wp-content\/uploads\/elementor\/thumbs\/justitiepaleis-pi4xci3simxu10inh0bjet8zj4m9n545qptduz7f6o.jpeg\" title=\"le d\u00f4me vu de l\u2019int\u00e9rieur\" alt=\"le d\u00f4me vu de l\u2019int\u00e9rieur\" loading=\"lazy\" \/>\t\t\t\t\t\t\t\t\t\t\t\t\t\t\t<\/div>\n\t\t\t\t<\/div>\n\t\t\t\t\t<\/div>\n\t\t<\/div>\n\t\t\t\t<div class=\"elementor-column elementor-col-20 elementor-inner-column elementor-element elementor-element-60fd563\" data-id=\"60fd563\" data-element_type=\"column\">\n\t\t\t<div class=\"elementor-widget-wrap elementor-element-populated\">\n\t\t\t\t\t\t\t\t<div class=\"elementor-element elementor-element-bfa479d dce_masking-none elementor-widget elementor-widget-image\" data-id=\"bfa479d\" data-element_type=\"widget\" data-widget_type=\"image.default\">\n\t\t\t\t<div class=\"elementor-widget-container\">\n\t\t\t\t\t\t\t\t\t\t\t\t\t\t\t<img decoding=\"async\" src=\"https:\/\/advocass.be\/wp-content\/uploads\/elementor\/thumbs\/constructie-pi4xch5ybswjpek0mhwwubhixqqwfg0fel5wdp8tcw.jpg\" title=\"construction du palais entre 1866 et 1883\" alt=\"construction du palais entre 1866 et 1883\" loading=\"lazy\" \/>\t\t\t\t\t\t\t\t\t\t\t\t\t\t\t<\/div>\n\t\t\t\t<\/div>\n\t\t\t\t\t<\/div>\n\t\t<\/div>\n\t\t\t\t<div class=\"elementor-column elementor-col-20 elementor-inner-column elementor-element elementor-element-13a24c7\" data-id=\"13a24c7\" data-element_type=\"column\">\n\t\t\t<div class=\"elementor-widget-wrap elementor-element-populated\">\n\t\t\t\t\t\t\t\t<div class=\"elementor-element elementor-element-6b1b77c dce_masking-none elementor-widget elementor-widget-image\" data-id=\"6b1b77c\" data-element_type=\"widget\" data-widget_type=\"image.default\">\n\t\t\t\t<div class=\"elementor-widget-container\">\n\t\t\t\t\t\t\t\t\t\t\t\t\t\t\t<img decoding=\"async\" src=\"https:\/\/advocass.be\/wp-content\/uploads\/elementor\/thumbs\/_Justitiepaleis_van_Brussel_-_Palais_de_Justice_de_Bruxelles-scaled-pi4xuiofiblojyck9so479l1eztj6amy7vyezwhrxc.jpg\" title=\"vue de face, de la Place Poelaert, d\u00e9but 20e si\u00e8cle\" alt=\"vue de face, de la Place Poelaert, d\u00e9but 20e si\u00e8cle\" loading=\"lazy\" \/>\t\t\t\t\t\t\t\t\t\t\t\t\t\t\t<\/div>\n\t\t\t\t<\/div>\n\t\t\t\t\t<\/div>\n\t\t<\/div>\n\t\t\t\t<div class=\"elementor-column elementor-col-20 elementor-inner-column elementor-element elementor-element-fb57d2c\" data-id=\"fb57d2c\" data-element_type=\"column\">\n\t\t\t<div class=\"elementor-widget-wrap elementor-element-populated\">\n\t\t\t\t\t\t\t\t<div class=\"elementor-element elementor-element-adbc19e dce_masking-none elementor-widget elementor-widget-image\" data-id=\"adbc19e\" data-element_type=\"widget\" data-widget_type=\"image.default\">\n\t\t\t\t<div class=\"elementor-widget-container\">\n\t\t\t\t\t\t\t\t\t\t\t\t\t\t\t<img decoding=\"async\" src=\"https:\/\/advocass.be\/wp-content\/uploads\/elementor\/thumbs\/zijzicht-vanuit-de-Wolstraat-en-het-Sint-Jacobsplein-2023-qxrpw261uu8ymi2ae3b7moadxi57qxhqvoqeznhaqo.jpg\" title=\"vue lat\u00e9rale, de la rue au Laine et la place Jean Jacobs, 2023\" alt=\"vue lat\u00e9rale, de la rue au Laine et la place Jean Jacobs, 2023\" loading=\"lazy\" \/>\t\t\t\t\t\t\t\t\t\t\t\t\t\t\t<\/div>\n\t\t\t\t<\/div>\n\t\t\t\t\t<\/div>\n\t\t<\/div>\n\t\t\t\t\t\t\t<\/div>\n\t\t<\/section>\n\t\t\t\t<section class=\"elementor-section elementor-inner-section elementor-element elementor-element-b1b1e4a elementor-section-boxed elementor-section-height-default elementor-section-height-default\" data-id=\"b1b1e4a\" data-element_type=\"section\">\n\t\t\t\t\t\t<div class=\"elementor-container elementor-column-gap-default\">\n\t\t\t\t\t<div class=\"elementor-column elementor-col-20 elementor-inner-column elementor-element elementor-element-5806f1c\" data-id=\"5806f1c\" data-element_type=\"column\">\n\t\t\t<div class=\"elementor-widget-wrap elementor-element-populated\">\n\t\t\t\t\t\t\t\t<div class=\"elementor-element elementor-element-70c2ee5 dce_masking-none elementor-widget elementor-widget-image\" data-id=\"70c2ee5\" data-element_type=\"widget\" data-widget_type=\"image.default\">\n\t\t\t\t<div class=\"elementor-widget-container\">\n\t\t\t\t\t\t\t\t\t\t\t\t\t\t\t<img decoding=\"async\" src=\"https:\/\/advocass.be\/wp-content\/uploads\/elementor\/thumbs\/koepel-buiten-qxrq2brbf2ts0wylssto93d0hz9b2adbqpay626t9c.jpg\" title=\"le d\u00f4me du palais de justice\" alt=\"le d\u00f4me du palais de justice\" loading=\"lazy\" \/>\t\t\t\t\t\t\t\t\t\t\t\t\t\t\t<\/div>\n\t\t\t\t<\/div>\n\t\t\t\t\t<\/div>\n\t\t<\/div>\n\t\t\t\t<div class=\"elementor-column elementor-col-20 elementor-inner-column elementor-element elementor-element-6db9ef7\" data-id=\"6db9ef7\" data-element_type=\"column\">\n\t\t\t<div class=\"elementor-widget-wrap elementor-element-populated\">\n\t\t\t\t\t\t\t\t<div class=\"elementor-element elementor-element-d8c2a4b dce_masking-none elementor-widget elementor-widget-image\" data-id=\"d8c2a4b\" data-element_type=\"widget\" data-widget_type=\"image.default\">\n\t\t\t\t<div class=\"elementor-widget-container\">\n\t\t\t\t\t\t\t\t\t\t\t\t\t\t\t<img decoding=\"async\" src=\"https:\/\/advocass.be\/wp-content\/uploads\/elementor\/thumbs\/Salle-des-pas-perdus-scaled-qxrpw9ordij97drd66k86me2ol45giblkpyatv65cw.jpg\" title=\"salle des pas perdus\" alt=\"salle des pas perdus\" loading=\"lazy\" \/>\t\t\t\t\t\t\t\t\t\t\t\t\t\t\t<\/div>\n\t\t\t\t<\/div>\n\t\t\t\t\t<\/div>\n\t\t<\/div>\n\t\t\t\t<div class=\"elementor-column elementor-col-20 elementor-inner-column elementor-element elementor-element-68f7974\" data-id=\"68f7974\" data-element_type=\"column\">\n\t\t\t<div class=\"elementor-widget-wrap elementor-element-populated\">\n\t\t\t\t\t\t\t\t<div class=\"elementor-element elementor-element-7631e07 dce_masking-none elementor-widget elementor-widget-image\" data-id=\"7631e07\" data-element_type=\"widget\" data-widget_type=\"image.default\">\n\t\t\t\t<div class=\"elementor-widget-container\">\n\t\t\t\t\t\t\t\t\t\t\t\t\t\t\t<img decoding=\"async\" src=\"https:\/\/advocass.be\/wp-content\/uploads\/elementor\/thumbs\/5023597435_d21fe8714a_b-pi4xqf3rpbznx6ax7ivotsto5i0wltd3blj6ngkl28.jpg\" title=\"salle d\u2019audience de la Cour de cassation\" alt=\"salle d\u2019audience de la Cour de cassation\" loading=\"lazy\" \/>\t\t\t\t\t\t\t\t\t\t\t\t\t\t\t<\/div>\n\t\t\t\t<\/div>\n\t\t\t\t\t<\/div>\n\t\t<\/div>\n\t\t\t\t<div class=\"elementor-column elementor-col-20 elementor-inner-column elementor-element elementor-element-e38b2f6\" data-id=\"e38b2f6\" data-element_type=\"column\">\n\t\t\t<div class=\"elementor-widget-wrap elementor-element-populated\">\n\t\t\t\t\t\t\t\t<div class=\"elementor-element elementor-element-285fa4c dce_masking-none elementor-widget elementor-widget-image\" data-id=\"285fa4c\" data-element_type=\"widget\" data-widget_type=\"image.default\">\n\t\t\t\t<div class=\"elementor-widget-container\">\n\t\t\t\t\t\t\t\t\t\t\t\t\t\t\t<img decoding=\"async\" src=\"https:\/\/advocass.be\/wp-content\/uploads\/elementor\/thumbs\/ban1-scaled-pi4xrikzodhpgspkszy0qiv13ombl3pth0xkt2y1sw.jpg\" title=\"galerie de sculptures\" alt=\"galerie de sculptures\" loading=\"lazy\" \/>\t\t\t\t\t\t\t\t\t\t\t\t\t\t\t<\/div>\n\t\t\t\t<\/div>\n\t\t\t\t\t<\/div>\n\t\t<\/div>\n\t\t\t\t<div class=\"elementor-column elementor-col-20 elementor-inner-column elementor-element elementor-element-272c2ee\" data-id=\"272c2ee\" data-element_type=\"column\">\n\t\t\t<div class=\"elementor-widget-wrap elementor-element-populated\">\n\t\t\t\t\t\t\t\t<div class=\"elementor-element elementor-element-ad7640e dce_masking-none elementor-widget elementor-widget-image\" data-id=\"ad7640e\" data-element_type=\"widget\" data-widget_type=\"image.default\">\n\t\t\t\t<div class=\"elementor-widget-container\">\n\t\t\t\t\t\t\t\t\t\t\t\t\t\t\t<img decoding=\"async\" src=\"https:\/\/advocass.be\/wp-content\/uploads\/elementor\/thumbs\/sallesolenelle-groot-qxrqmggvscduo9px90315ihei21awxadicab6eca00.jpg\" title=\"salle des audiences solennelles de la Cour de cassation\" alt=\"salle des audiences solennelles de la Cour de cassation\" loading=\"lazy\" \/>\t\t\t\t\t\t\t\t\t\t\t\t\t\t\t<\/div>\n\t\t\t\t<\/div>\n\t\t\t\t\t<\/div>\n\t\t<\/div>\n\t\t\t\t\t\t\t<\/div>\n\t\t<\/section>\n\t\t\t\t\t<\/div>\n\t\t<\/div>\n\t\t\t\t\t\t\t<\/div>\n\t\t<\/section>\n\t\t\t\t\t\t\t<\/div>\n\t\t","protected":false},"excerpt":{"rendered":"<p>LE BARREAU PR\u00c8S LA COUR DE CASSATION La loi a pr\u00e9vu pour toute la Belgique un seul\u00a0Ordre des avocats \u00e0 la Cour de cassation, distinct des autres\u00a0ordres d\u2019avocats et ne relevant donc ni de l\u2019Ordre des barreaux francophones et germanophone (OBFG), ni de l\u2019Orde van Vlaamse Balies (OVB). Sous l\u2019onglet Tableau vous trouverez la liste &hellip;<\/p>\n<p class=\"read-more\"> <a class=\"\" href=\"https:\/\/advocass.be\/fr\/\"> <span class=\"screen-reader-text\">Accueil<\/span> Lire la suite\u00a0\u00bb<\/a><\/p>\n","protected":false},"author":1,"featured_media":0,"parent":0,"menu_order":0,"comment_status":"closed","ping_status":"closed","template":"elementor_header_footer","meta":{"site-sidebar-layout":"no-sidebar","site-content-layout":"page-builder","ast-global-header-display":"","ast-main-header-display":"","ast-hfb-above-header-display":"","ast-hfb-below-header-display":"","ast-hfb-mobile-header-display":"","site-post-title":"disabled","ast-breadcrumbs-content":"","ast-featured-img":"disabled","footer-sml-layout":"","theme-transparent-header-meta":"","adv-header-id-meta":"","stick-header-meta":"","header-above-stick-meta":"","header-main-stick-meta":"","header-below-stick-meta":"","footnotes":""},"class_list":["post-429","page","type-page","status-publish","hentry"],"acf":[],"_links":{"self":[{"href":"https:\/\/advocass.be\/fr\/wp-json\/wp\/v2\/pages\/429","targetHints":{"allow":["GET"]}}],"collection":[{"href":"https:\/\/advocass.be\/fr\/wp-json\/wp\/v2\/pages"}],"about":[{"href":"https:\/\/advocass.be\/fr\/wp-json\/wp\/v2\/types\/page"}],"author":[{"embeddable":true,"href":"https:\/\/advocass.be\/fr\/wp-json\/wp\/v2\/users\/1"}],"replies":[{"embeddable":true,"href":"https:\/\/advocass.be\/fr\/wp-json\/wp\/v2\/comments?post=429"}],"version-history":[{"count":53,"href":"https:\/\/advocass.be\/fr\/wp-json\/wp\/v2\/pages\/429\/revisions"}],"predecessor-version":[{"id":3721,"href":"https:\/\/advocass.be\/fr\/wp-json\/wp\/v2\/pages\/429\/revisions\/3721"}],"wp:attachment":[{"href":"https:\/\/advocass.be\/fr\/wp-json\/wp\/v2\/media?parent=429"}],"curies":[{"name":"wp","href":"https:\/\/api.w.org\/{rel}","templated":true}]}}