{"id":443,"date":"2022-01-04T12:55:13","date_gmt":"2022-01-04T12:55:13","guid":{"rendered":"https:\/\/cassatie.lemon.be\/informations-de-base\/"},"modified":"2025-05-02T09:25:17","modified_gmt":"2025-05-02T07:25:17","slug":"informations-de-base","status":"publish","type":"page","link":"https:\/\/advocass.be\/fr\/informations-de-base\/","title":{"rendered":"Organisation barreau de cassation\u200b"},"content":{"rendered":"\t\t<div data-elementor-type=\"wp-page\" data-elementor-id=\"443\" data-post-id=\"443\" data-obj-id=\"443\" class=\"elementor elementor-443 dce-elementor-post-443 elementor-23\">\n\t\t\t\t\t\t\t\t\t<section class=\"elementor-section elementor-top-section elementor-element elementor-element-c1c3e91 elementor-section-height-min-height elementor-section-items-stretch elementor-section-boxed elementor-section-height-default\" data-id=\"c1c3e91\" data-element_type=\"section\" data-settings=\"{&quot;background_background&quot;:&quot;classic&quot;}\">\n\t\t\t\t\t\t<div class=\"elementor-container elementor-column-gap-wider\">\n\t\t\t\t\t<div class=\"elementor-column elementor-col-50 elementor-top-column elementor-element elementor-element-f3e3108\" data-id=\"f3e3108\" data-element_type=\"column\" data-settings=\"{&quot;background_background&quot;:&quot;classic&quot;}\">\n\t\t\t<div class=\"elementor-widget-wrap elementor-element-populated\">\n\t\t\t\t\t\t\t\t<div class=\"elementor-element elementor-element-81ef6c2 elementor-widget elementor-widget-heading\" data-id=\"81ef6c2\" data-element_type=\"widget\" data-widget_type=\"heading.default\">\n\t\t\t\t<div class=\"elementor-widget-container\">\n\t\t\t<h2 class=\"elementor-heading-title elementor-size-default\">Organisation DU barreau de cassation<\/h2>\t\t<\/div>\n\t\t\t\t<\/div>\n\t\t\t\t\t<\/div>\n\t\t<\/div>\n\t\t\t\t<div class=\"elementor-column elementor-col-50 elementor-top-column elementor-element elementor-element-255f723\" data-id=\"255f723\" data-element_type=\"column\">\n\t\t\t<div class=\"elementor-widget-wrap\">\n\t\t\t\t\t\t\t\t\t<\/div>\n\t\t<\/div>\n\t\t\t\t\t\t\t<\/div>\n\t\t<\/section>\n\t\t\t\t<section class=\"elementor-section elementor-top-section elementor-element elementor-element-46038bf elementor-section-boxed elementor-section-height-default elementor-section-height-default\" data-id=\"46038bf\" data-element_type=\"section\">\n\t\t\t\t\t\t<div class=\"elementor-container elementor-column-gap-default\">\n\t\t\t\t\t<div class=\"elementor-column elementor-col-100 elementor-top-column elementor-element elementor-element-015bc74\" data-id=\"015bc74\" data-element_type=\"column\">\n\t\t\t<div class=\"elementor-widget-wrap elementor-element-populated\">\n\t\t\t\t\t\t\t\t<div class=\"elementor-element elementor-element-b0e393e elementor-widget elementor-widget-text-editor\" data-id=\"b0e393e\" data-element_type=\"widget\" data-widget_type=\"text-editor.default\">\n\t\t\t\t<div class=\"elementor-widget-container\">\n\t\t\t\t\t\t\t<h5><strong>QU&rsquo;EST-CE QUE L&rsquo;ORDRE DES AVOCATS \u00c0 LA COUR DE CASSATION?<\/strong><\/h5><div><strong>\u00a0<\/strong><\/div><p>L&rsquo;Ordre des avocats \u00e0 la Cour de casssation est une personne morale de droit public. L\u2019Ordre a son si\u00e8ge au Palais de Justice, Place Poelaert, \u00e0 1000-Bruxelles.<\/p><h5><strong>COMPOSITION<\/strong><\/h5><div><strong>\u00a0<\/strong><\/div><p>Dans leur ensemble, les avocats \u00e0 la Cour de cassation forment l&rsquo;Ordre des avocats \u00e0 la Cour de cassation (art. 480 du Code judiciaire). On emploie aussi la d\u00e9signation \u00ab\u00a0barreau \u00e0 la Cour de cassation\u00a0\u00bb, ou \u00ab\u00a0barreau de cassation\u00a0\u00bb.<\/p><p>Le nombre d&rsquo;avocats \u00e0 la Cour de cassation est \u00e9tabli, apr\u00e8s avis de la Cour de Cassation, par arr\u00eat\u00e9 royal (art. 478 du Code judiciaire). Le nombre actuel est fig\u00e9 \u00e0 vingt (arr\u00eat\u00e9 royal du 10 ao\u00fbt 1998).<\/p><p>Les avocats \u00e0 la Cour de Cassation sont nomm\u00e9s par le Roi sur base d&rsquo;une liste de trois candidats, choisis par une commission d&rsquo;avis compos\u00e9e d&rsquo;avocats, de magistrats et de professeurs d&rsquo;universit\u00e9. Les candidats doivent \u00eatre inscrits au barreau depuis au moins dix ans et avoir r\u00e9ussi l&rsquo;examen organis\u00e9 par l&rsquo;Ordre des avocats \u00e0 la Cour de Cassation (art. 478 et 478<em>bis<\/em> du Code judiciaire). (Voir au sujet de cet examen l&rsquo;onglet <a href=\"https:\/\/advocass.be\/fr\/opleiding-in-de-cassatietechniek-en-procedures\/\"><u>Formation \u00e0 la technique et \u00e0 la proc\u00e9dure de cassation).<\/u><\/a><\/p><p>Avant d&rsquo;accepter son minist\u00e8re, l&rsquo;avocat \u00e0 la Cour de cassation pr\u00eatera (de nouveau) le serment prescrit \u00e0 tous les avocats \u00e0 la Cour de Cassation (art. 478 du Code judiciaire).<\/p><h5><strong>LE B\u00c2TONNIER ET LE CONSEIL (ART. 480 DU CODE JUDICIAIRE)<\/strong><\/h5><div><strong>\u00a0<\/strong><\/div><p>Le b\u00e2tonnier se trouve \u00e0 la t\u00eate du barreau de cassation et de son Ordre. Le Conseil assiste le b\u00e2tonnier et il est compos\u00e9 de cinq membres, le b\u00e2tonnier-m\u00eame inclus.<\/p><p>Composition du Conseil de l\u2019Ordre pour l\u2019ann\u00e9e judiciaire 2024-2025:<\/p><table border=\"0\" width=\"400\" cellspacing=\"10\" cellpadding=\"3\"><tbody><tr><td><strong>B\u00e2tonnier<\/strong><\/td><td>Me Paul Alain FORIERS<\/td><td>\u00a0<\/td><\/tr><tr><td><strong>Membres<\/strong><\/td><td>Me Paul LEFEBVRE<br \/>Me Caroline DE BAETS<br \/>Me Mich\u00e8le GREGOIRE<br \/>Me Beatrix VANLERBERGHE<\/td><\/tr><\/tbody><\/table><h5><strong>LE SECR\u00c9TARIAT<\/strong><\/h5><div><strong>\u00a0<\/strong><\/div><p>Le secr\u00e9tariat de l&rsquo;Ordre se trouve au deuxi\u00e8me \u00e9tage de l&rsquo;aile ouest du Palais de justice, au fond du couloir en face de la biblioth\u00e8que de la Cour de Cassation. Le secr\u00e9tariat est ouvert chaque jour ouvrable de 9 \u00e0 12 h. Vous pouvez prendre contact avec l&rsquo;Ordre via le secr\u00e9taire du barreau de cassation:<\/p><p>T\u00e9l\u00e9phone: 02\/508.67.46<br \/>T\u00e9l\u00e9copieur: 02\/519.84.55<br \/>Courriel: <a href=\"mailto:cass@advocass.be\" target=\"_blank\" rel=\"noopener\">cass@advocass.be<\/a><\/p><p>Le secr\u00e9taire du barreau: Madame Virginie Boonen<\/p>\t\t\t\t\t\t<\/div>\n\t\t\t\t<\/div>\n\t\t\t\t\t<\/div>\n\t\t<\/div>\n\t\t\t\t\t\t\t<\/div>\n\t\t<\/section>\n\t\t\t\t\t\t\t<\/div>\n\t\t","protected":false},"excerpt":{"rendered":"<p>Organisation DU barreau de cassation QU&rsquo;EST-CE QUE L&rsquo;ORDRE DES AVOCATS \u00c0 LA COUR DE CASSATION? \u00a0 L&rsquo;Ordre des avocats \u00e0 la Cour de casssation est une personne morale de droit public. L\u2019Ordre a son si\u00e8ge au Palais de Justice, Place Poelaert, \u00e0 1000-Bruxelles. COMPOSITION \u00a0 Dans leur ensemble, les avocats \u00e0 la Cour de cassation &hellip;<\/p>\n<p class=\"read-more\"> <a class=\"\" href=\"https:\/\/advocass.be\/fr\/informations-de-base\/\"> <span class=\"screen-reader-text\">Organisation barreau de cassation\u200b<\/span> Lire la suite\u00a0\u00bb<\/a><\/p>\n","protected":false},"author":1,"featured_media":0,"parent":0,"menu_order":0,"comment_status":"closed","ping_status":"closed","template":"elementor_header_footer","meta":{"site-sidebar-layout":"no-sidebar","site-content-layout":"page-builder","ast-global-header-display":"","ast-main-header-display":"","ast-hfb-above-header-display":"","ast-hfb-below-header-display":"","ast-hfb-mobile-header-display":"","site-post-title":"disabled","ast-breadcrumbs-content":"","ast-featured-img":"disabled","footer-sml-layout":"","theme-transparent-header-meta":"","adv-header-id-meta":"","stick-header-meta":"","header-above-stick-meta":"","header-main-stick-meta":"","header-below-stick-meta":"","footnotes":""},"class_list":["post-443","page","type-page","status-publish","hentry"],"acf":[],"_links":{"self":[{"href":"https:\/\/advocass.be\/fr\/wp-json\/wp\/v2\/pages\/443","targetHints":{"allow":["GET"]}}],"collection":[{"href":"https:\/\/advocass.be\/fr\/wp-json\/wp\/v2\/pages"}],"about":[{"href":"https:\/\/advocass.be\/fr\/wp-json\/wp\/v2\/types\/page"}],"author":[{"embeddable":true,"href":"https:\/\/advocass.be\/fr\/wp-json\/wp\/v2\/users\/1"}],"replies":[{"embeddable":true,"href":"https:\/\/advocass.be\/fr\/wp-json\/wp\/v2\/comments?post=443"}],"version-history":[{"count":47,"href":"https:\/\/advocass.be\/fr\/wp-json\/wp\/v2\/pages\/443\/revisions"}],"predecessor-version":[{"id":4343,"href":"https:\/\/advocass.be\/fr\/wp-json\/wp\/v2\/pages\/443\/revisions\/4343"}],"wp:attachment":[{"href":"https:\/\/advocass.be\/fr\/wp-json\/wp\/v2\/media?parent=443"}],"curies":[{"name":"wp","href":"https:\/\/api.w.org\/{rel}","templated":true}]}}