{"id":453,"date":"2022-01-04T13:05:15","date_gmt":"2022-01-04T13:05:15","guid":{"rendered":"https:\/\/cassatie.lemon.be\/histoire\/"},"modified":"2025-01-17T11:54:12","modified_gmt":"2025-01-17T09:54:12","slug":"histoire","status":"publish","type":"page","link":"https:\/\/advocass.be\/fr\/histoire\/","title":{"rendered":"Histoire"},"content":{"rendered":"\t\t<div data-elementor-type=\"wp-page\" data-elementor-id=\"453\" data-post-id=\"453\" data-obj-id=\"453\" class=\"elementor elementor-453 dce-elementor-post-453 elementor-25\">\n\t\t\t\t\t\t\t\t\t<section class=\"elementor-section elementor-top-section elementor-element elementor-element-75ac8c7 elementor-section-height-min-height elementor-section-items-stretch elementor-section-boxed elementor-section-height-default\" data-id=\"75ac8c7\" data-element_type=\"section\" data-settings=\"{&quot;background_background&quot;:&quot;classic&quot;}\">\n\t\t\t\t\t\t<div class=\"elementor-container elementor-column-gap-wider\">\n\t\t\t\t\t<div class=\"elementor-column elementor-col-50 elementor-top-column elementor-element elementor-element-f22d016\" data-id=\"f22d016\" data-element_type=\"column\" data-settings=\"{&quot;background_background&quot;:&quot;classic&quot;}\">\n\t\t\t<div class=\"elementor-widget-wrap elementor-element-populated\">\n\t\t\t\t\t\t\t\t<div class=\"elementor-element elementor-element-e9e754d elementor-widget elementor-widget-heading\" data-id=\"e9e754d\" data-element_type=\"widget\" data-widget_type=\"heading.default\">\n\t\t\t\t<div class=\"elementor-widget-container\">\n\t\t\t<h2 class=\"elementor-heading-title elementor-size-default\">Histoire<\/h2>\t\t<\/div>\n\t\t\t\t<\/div>\n\t\t\t\t\t<\/div>\n\t\t<\/div>\n\t\t\t\t<div class=\"elementor-column elementor-col-50 elementor-top-column elementor-element elementor-element-1a43900\" data-id=\"1a43900\" data-element_type=\"column\">\n\t\t\t<div class=\"elementor-widget-wrap\">\n\t\t\t\t\t\t\t\t\t<\/div>\n\t\t<\/div>\n\t\t\t\t\t\t\t<\/div>\n\t\t<\/section>\n\t\t\t\t<section class=\"elementor-section elementor-top-section elementor-element elementor-element-4b7d649 elementor-section-boxed elementor-section-height-default elementor-section-height-default\" data-id=\"4b7d649\" data-element_type=\"section\">\n\t\t\t\t\t\t<div class=\"elementor-container elementor-column-gap-default\">\n\t\t\t\t\t<div class=\"elementor-column elementor-col-100 elementor-top-column elementor-element elementor-element-f5537a6\" data-id=\"f5537a6\" data-element_type=\"column\">\n\t\t\t<div class=\"elementor-widget-wrap elementor-element-populated\">\n\t\t\t\t\t\t\t\t<div class=\"elementor-element elementor-element-1230d24 elementor-widget elementor-widget-text-editor\" data-id=\"1230d24\" data-element_type=\"widget\" data-widget_type=\"text-editor.default\">\n\t\t\t\t<div class=\"elementor-widget-container\">\n\t\t\t\t\t\t\t<h4 style=\"text-align: center\"><strong>HISTOIRE<\/strong><\/h4>\t\t\t\t\t\t<\/div>\n\t\t\t\t<\/div>\n\t\t\t\t<div class=\"elementor-element elementor-element-49ff0b2 elementor-widget elementor-widget-text-editor\" data-id=\"49ff0b2\" data-element_type=\"widget\" data-widget_type=\"text-editor.default\">\n\t\t\t\t<div class=\"elementor-widget-container\">\n\t\t\t\t\t\t\t<p>Pour en savoir plus sur l&rsquo;histoire du barreau de cassation, vous pouvez notamment consulter les contributions suivantes :<\/p><ul><li>R. B\u00fctzler et H. Geinger, \u201cKleine kroniek van de Orde van Advocaten bij het Hof van Cassatie\u201d, in <em>Liber amicorum Lucien Simont<\/em>, Bruylant, 2002, 11-32<\/li><li>W. van Eeckhoutte, \u201cDe Balie Bij Het Hof van Cassatie\u202f: Oorsprong en Evolutie\u201d,\u00a0<em>Pro memori<\/em>e (Hilversum), Georges Martyn et al. (ed.), vol. 11, no. 1\u20132, 2009, pp. 297\u2013318<\/li><li>J. de Brouwer et S. Vandenbogaerde, <em>Geschiedenis van de balie bij het Hof van Cassatie- Histoire du barreau pr\u00e8s la Cour de cassation<\/em>, P. Lefebvre et C. De Baets (ed.), KnopsPublishing, 2023<\/li><\/ul>\t\t\t\t\t\t<\/div>\n\t\t\t\t<\/div>\n\t\t\t\t<div class=\"elementor-element elementor-element-df6016c elementor-widget elementor-widget-text-editor\" data-id=\"df6016c\" data-element_type=\"widget\" data-widget_type=\"text-editor.default\">\n\t\t\t\t<div class=\"elementor-widget-container\">\n\t\t\t\t\t\t\t<h4 style=\"text-align: center\"><strong>QUELQUES AVOCATS DE CASSATION MARQUANTS<\/strong><\/h4>\t\t\t\t\t\t<\/div>\n\t\t\t\t<\/div>\n\t\t\t\t<div class=\"elementor-element elementor-element-97ec137 elementor-widget elementor-widget-text-editor\" data-id=\"97ec137\" data-element_type=\"widget\" data-widget_type=\"text-editor.default\">\n\t\t\t\t<div class=\"elementor-widget-container\">\n\t\t\t\t\t\t\t<p>Remarque: les dates indiquent la p\u00e9riode pendant laquelle les avocats cit\u00e9s \u00e9taient membres du barreau de cassation.<\/p><ul><li><em><span style=\"color: #808080\"><strong>Pierre Sanfourche-Laporte<\/strong><\/span><\/em> : 1832 &#8211; 1852 <br \/>M. Sanfourche-Laporte est n\u00e9 en France et y a fait ses \u00e9tudes. Il faisait partie du premier groupe de dix avocats de cassation nomm\u00e9s en 1832. Il fut le premier b\u00e2tonnier, \u00e9lu en 1837.<\/li><li><em><span style=\"color: #808080\"><strong>Auguste Beernaert<\/strong><\/span><\/em> : 1859 &#8211; 1912<br \/>Nomm\u00e9 avocat \u00e0 la Cour de cassation \u00e0 trente ans d\u00e9j\u00e0, M. Beernaert fut \u00e9galement membre puis pr\u00e9sident de la Chambre des repr\u00e9sentants. Il devint aussi ministre, puis ministre d&rsquo;\u00c9tat. Il repr\u00e9senta la Belgique aux congr\u00e8s de la paix de La Haye en 1899 et 1907, ce qui lui valut le prix Nobel de la paix en 1909.<\/li><li><em><span style=\"color: #808080\"><strong>Edmond Picard<\/strong> <\/span><\/em>: 1880 &#8211; 1920<br \/>M. Picard \u00e9tait un homme tr\u00e8s polyvalent : marin, avocat, professeur, s\u00e9nateur, expert en art, m\u00e9c\u00e8ne, \u00e9crivain, publiciste. On lui doit les Pandectes belges, le Journal des Tribunaux, les Codes Edmond Picard, ainsi que la pr\u00e9sence d&rsquo;\u0153uvres d&rsquo;art dans le Palais de Justice de Bruxelles et dans d&rsquo;autres lieux publics. Son antis\u00e9mitisme entache toutefois sa r\u00e9puation.\u00a0\u00a0<\/li><li><em><span style=\"color: #808080\"><strong>Paul Struye<\/strong><\/span><\/em> : 1938 &#8211; 1974<br \/>Pendant la Seconde Guerre mondiale, M. Struye fut l\u2019une des forces motrices de la protestation du barreau de cassation contre le r\u00e9gime de l&rsquo;occupant allemand et ses mesures de d\u00e9portation et de travail forc\u00e9. Il \u00e9tait aussi l&rsquo;auteur d&rsquo;une proposition de loi visant \u00e0 permettre aux femmes de devenir avocates \u00e0 la Cour de cassation, proposition devenue loi en mai 1947.<\/li><li><span style=\"color: #808080\"><em><strong>C\u00e9cile Draps<\/strong><\/em><\/span> : 1980 &#8211; 2008<br \/>Mme Draps fut la premi\u00e8re femme nomm\u00e9e avocate \u00e0 la Cour de cassation, en 1980. Elle fut b\u00e2tonni\u00e8re de 1996 \u00e0 1998.<\/li><\/ul>\t\t\t\t\t\t<\/div>\n\t\t\t\t<\/div>\n\t\t\t\t\t<\/div>\n\t\t<\/div>\n\t\t\t\t\t\t\t<\/div>\n\t\t<\/section>\n\t\t\t\t\t\t\t<\/div>\n\t\t","protected":false},"excerpt":{"rendered":"<p>Histoire HISTOIRE Pour en savoir plus sur l&rsquo;histoire du barreau de cassation, vous pouvez notamment consulter les contributions suivantes : R. B\u00fctzler et H. Geinger, \u201cKleine kroniek van de Orde van Advocaten bij het Hof van Cassatie\u201d, in Liber amicorum Lucien Simont, Bruylant, 2002, 11-32 W. van Eeckhoutte, \u201cDe Balie Bij Het Hof van Cassatie\u202f: &hellip;<\/p>\n<p class=\"read-more\"> <a class=\"\" href=\"https:\/\/advocass.be\/fr\/histoire\/\"> <span class=\"screen-reader-text\">Histoire<\/span> Lire la suite\u00a0\u00bb<\/a><\/p>\n","protected":false},"author":1,"featured_media":0,"parent":0,"menu_order":0,"comment_status":"closed","ping_status":"closed","template":"elementor_header_footer","meta":{"site-sidebar-layout":"no-sidebar","site-content-layout":"page-builder","ast-global-header-display":"","ast-main-header-display":"","ast-hfb-above-header-display":"","ast-hfb-below-header-display":"","ast-hfb-mobile-header-display":"","site-post-title":"disabled","ast-breadcrumbs-content":"","ast-featured-img":"disabled","footer-sml-layout":"","theme-transparent-header-meta":"","adv-header-id-meta":"","stick-header-meta":"","header-above-stick-meta":"","header-main-stick-meta":"","header-below-stick-meta":"","footnotes":""},"class_list":["post-453","page","type-page","status-publish","hentry"],"acf":[],"_links":{"self":[{"href":"https:\/\/advocass.be\/fr\/wp-json\/wp\/v2\/pages\/453","targetHints":{"allow":["GET"]}}],"collection":[{"href":"https:\/\/advocass.be\/fr\/wp-json\/wp\/v2\/pages"}],"about":[{"href":"https:\/\/advocass.be\/fr\/wp-json\/wp\/v2\/types\/page"}],"author":[{"embeddable":true,"href":"https:\/\/advocass.be\/fr\/wp-json\/wp\/v2\/users\/1"}],"replies":[{"embeddable":true,"href":"https:\/\/advocass.be\/fr\/wp-json\/wp\/v2\/comments?post=453"}],"version-history":[{"count":53,"href":"https:\/\/advocass.be\/fr\/wp-json\/wp\/v2\/pages\/453\/revisions"}],"predecessor-version":[{"id":3858,"href":"https:\/\/advocass.be\/fr\/wp-json\/wp\/v2\/pages\/453\/revisions\/3858"}],"wp:attachment":[{"href":"https:\/\/advocass.be\/fr\/wp-json\/wp\/v2\/media?parent=453"}],"curies":[{"name":"wp","href":"https:\/\/api.w.org\/{rel}","templated":true}]}}